{"id":183713,"date":"2025-07-02T10:15:04","date_gmt":"2025-07-02T08:15:04","guid":{"rendered":"https:\/\/www.satellite-office.com\/milano\/"},"modified":"2026-03-05T10:48:39","modified_gmt":"2026-03-05T09:48:39","slug":"milan","status":"publish","type":"page","link":"https:\/\/www.satellite-office.com\/en-it\/day-office\/milan\/","title":{"rendered":"Day office Milano"},"content":{"rendered":"\n<h1>\n\t\t\tTagesb\u00fcro in <br \/> Mailand mieten\t<\/h1>\n    Mailand\n<h2>\n\t\t\tIhr Tagesb\u00fcro in Mailand &#8211; <br \/> Stunden- und Tagesweise mietbar\t<\/h2>\n\t\t\t<a href=\"\" role=\"button\" target=\"_self\" onclick=\"\">\n\t\t\t\t\t\t\t\t\t\t\t\t\t\t\t\t\t\t\t\t\t\tBrosch\u00fcre\n\t\t\t\t\t\t\t<\/a>\n\t\t\t<a href=\"#kontakt\" role=\"button\" target=\"_self\" onclick=\"\">\n\t\t\t\t\t\t\t\t\t\t\t\t\t\t\t\t\t\t\t\t\t\tAngebot anfordern\n\t\t\t\t\t\t\t<\/a>\n        Flexibilit\u00e4t pur &#8211; mieten Sie stunden- oder tageweise, ganz ohne langfristige Bindung      \n        Erstklassige Standorte in Mailand: Via Broletto 4      \n        Stilvolles Arbeiten &#8211; pureSilent\u00ae-Designkonzept f\u00fcr maximale Ruhe und Konzentration      \n        Tagessuiten f\u00fcr mehr Repr\u00e4sentanz &#8211; mit zus\u00e4tzlichem Platz und Meeting-M\u00f6glichkeit      \n\t<strong data-start=\"317\" data-end=\"406\">Tagesb\u00fcro in Mailand mieten &#8211; flexibel, repr\u00e4sentativ, sofort verf\u00fcgbar<\/strong>\nManchmal braucht es keinen festen Mietvertrag, sondern einen exklusiven R\u00fcckzugsort f\u00fcr einen Tag &#8211; mitten im Herzen Mailands. Mit unseren Tagesb\u00fcros und Tagessuiten genie\u00dfen Sie h\u00f6chste Flexibilit\u00e4t und ein Arbeitsumfeld, das Ihre Professionalit\u00e4t unterstreicht. Ob f\u00fcr konzentriertes Arbeiten, vertrauliche Gespr\u00e4che oder als B\u00fcro auf Zeit w\u00e4hrend einer Gesch\u00e4ftsreise: Satellite Office bietet Ihnen die perfekte L\u00f6sung in den Top-Lagen der Mainmetropole.\nUnsere Tagesb\u00fcros sind modern ausgestattet und sofort einsatzbereit. F\u00fcr alle, die mehr Raum und ein besonders repr\u00e4sentatives Ambiente w\u00fcnschen, empfehlen wir unsere gro\u00dfz\u00fcgigen Tagessuiten. Sie punkten mit edlem Design und einem separaten Besprechungstisch &#8211; ideal f\u00fcr kleine Meetings oder diskrete Gespr\u00e4che.\n                    <img decoding=\"async\" src=\"https:\/\/www.satellite-office.com\/wp-content\/uploads\/2025\/03\/FOP-98.webp\" alt=\"Gallery Image\"\/>\n                    <img decoding=\"async\" src=\"https:\/\/www.satellite-office.com\/wp-content\/uploads\/2025\/03\/FOP-70.webp\" alt=\"Gallery Image\"\/>\n                    <img decoding=\"async\" src=\"https:\/\/www.satellite-office.com\/wp-content\/uploads\/2025\/03\/FOP-35.webp\" alt=\"Gallery Image\"\/>\n                    <img decoding=\"async\" src=\"https:\/\/www.satellite-office.com\/wp-content\/uploads\/2025\/03\/FOP-5.webp\" alt=\"Gallery Image\"\/>\n                            <img decoding=\"async\" src=\"https:\/\/www.satellite-office.com\/wp-content\/uploads\/2025\/03\/FOP-98.webp\" alt=\"Gallery Image\"\/>\n                    <img decoding=\"async\" src=\"https:\/\/www.satellite-office.com\/wp-content\/uploads\/2025\/03\/FOP-70.webp\" alt=\"Gallery Image\"\/>\n                    <img decoding=\"async\" src=\"https:\/\/www.satellite-office.com\/wp-content\/uploads\/2025\/03\/FOP-35.webp\" alt=\"Gallery Image\"\/>\n                    <img decoding=\"async\" src=\"https:\/\/www.satellite-office.com\/wp-content\/uploads\/2025\/03\/FOP-5.webp\" alt=\"Gallery Image\"\/>\n                    <img decoding=\"async\" src=\"https:\/\/www.satellite-office.com\/wp-content\/uploads\/2025\/06\/DSC_8742-Verbessert-RR_ergebnis-scaled.webp\" alt=\"Gallery Image\"\/>\n                    <img decoding=\"async\" src=\"https:\/\/www.satellite-office.com\/wp-content\/uploads\/2025\/06\/DSC_8886-Verbessert-RR_bearb_ergebnis-scaled.webp\" alt=\"Gallery Image\"\/>\n                    <img decoding=\"async\" src=\"https:\/\/www.satellite-office.com\/wp-content\/uploads\/2025\/06\/DSC_9954-Verbessert-RR_ergebnis-scaled.webp\" alt=\"Gallery Image\"\/>\n                    <img decoding=\"async\" src=\"https:\/\/www.satellite-office.com\/wp-content\/uploads\/2025\/06\/DSC_9872-Verbessert-RR_ergebnis-scaled.webp\" alt=\"Gallery Image\"\/>\n                            <img decoding=\"async\" src=\"https:\/\/www.satellite-office.com\/wp-content\/uploads\/2025\/06\/DSC_8742-Verbessert-RR_ergebnis-scaled.webp\" alt=\"Gallery Image\"\/>\n                    <img decoding=\"async\" src=\"https:\/\/www.satellite-office.com\/wp-content\/uploads\/2025\/06\/DSC_8886-Verbessert-RR_bearb_ergebnis-scaled.webp\" alt=\"Gallery Image\"\/>\n                    <img decoding=\"async\" src=\"https:\/\/www.satellite-office.com\/wp-content\/uploads\/2025\/06\/DSC_9954-Verbessert-RR_ergebnis-scaled.webp\" alt=\"Gallery Image\"\/>\n                    <img decoding=\"async\" src=\"https:\/\/www.satellite-office.com\/wp-content\/uploads\/2025\/06\/DSC_9872-Verbessert-RR_ergebnis-scaled.webp\" alt=\"Gallery Image\"\/>\n    <!-- Navigation Switch -->\n          Tagesb\u00fcro        \n          Tagessuite        \n    <!-- Card Content -->\n            <!-- Left Arrow -->\n            <button type=\"button\">\n            <\/button>\n            <!-- Right Arrow -->\n            <button type=\"button\">\n            <\/button>\n            <!-- Pagination -->\n              Tagesb\u00fcro\n              Mieten Sie Ihr B\u00fcro auf Zeit in Mailand\n            Sie m\u00f6chten ein <strong data-start=\"3819\" data-end=\"3852\">Tagesb\u00fcro in Mailand mieten<\/strong> &#8211; provisionsfrei, flexibel und exklusiv? Unsere Tagesb\u00fcros f\u00fcr 1-2 Personen sind perfekt f\u00fcr konzentriertes Arbeiten in Premiumlage. Mit dem ausgezeichneten <strong data-start=\"4010\" data-end=\"4037\">pureSilent\u00ae-Raumkonzept<\/strong> genie\u00dfen Sie absolute Ruhe und h\u00f6chste Qualit\u00e4t.Optional: B\u00fcroservice, Postannahme und <a href=\"https:\/\/www.satellite-office.com\/sitzungszimmer\/mailand\/\"><strong data-start=\"4129\" data-end=\"4158\">Meetingr\u00e4ume in Mailand<\/strong><\/a> flexibel dazu buchbar.\n                          <a href=\"#kontakt\">\n                Angebot sichern              <\/a>\n            <!-- Left Arrow -->\n            <button type=\"button\">\n            <\/button>\n            <!-- Right Arrow -->\n            <button type=\"button\">\n            <\/button>\n            <!-- Pagination -->\n              Tagessuite\n              Das flexible B\u00fcro f\u00fcr Ihren Erfolg in Mailand\n            Ein <strong data-start=\"2407\" data-end=\"2444\">exklusives Tagesb\u00fcro in Mailand <\/strong>f\u00fcr h\u00f6chste Anspr\u00fcche: Unsere Tagessuiten verbinden einen edlen Arbeitsplatz mit einem privaten Konferenztisch f\u00fcr bis zu 4 Personen. Ideal f\u00fcr Kundengespr\u00e4che, Bewerbungsgespr\u00e4che oder kleine Besprechungen in Premiumlage.Erleben Sie unser preisgekr\u00f6ntes <strong data-start=\"2704\" data-end=\"2727\">pureSilent\u00ae-Konzept<\/strong> und Premium-Service auf h\u00f6chstem Niveau. Ihre Tagessuite &#8211; das <strong data-start=\"2791\" data-end=\"2821\">flexible B\u00fcro in Mailand<\/strong>, stunden- oder tageweise provisionsfrei.\n                          <a href=\"#kontakt\">\n                Angebot sichern              <\/a>\n<h5>\n\t\t\tWarum Satellite Office?\t<\/h5>\n\t<p>Der Unterschied<\/p>\n<a href=\"\/puresilent\/\">\n        <img decoding=\"async\" src=\"https:\/\/b144i76.myrdbx.io\/wp-content\/uploads\/2025\/03\/Size18-Typechevron-right-small.svg\"\/>\n        <p>pureSilent\u00ae<\/p>\n      <p>Wenn Sie sich ruhiges Deep Working w\u00fcnschen, werden Sie von pureSilent\u00ae begeistert sein.<\/p>\n<\/a>\n\tEin Tagesb\u00fcro bei Satellite Office in Mailand bedeutet Arbeiten auf h\u00f6chstem Niveau. Unsere Standorte am Opernplatz und an der Mainzer Landstra\u00dfe z\u00e4hlen zu den besten Adressen der Stadt &#8211; umgeben von exklusiven Restaurants, Luxushotels und erstklassiger Infrastruktur.\nMit unserem pureSilent\u00ae-Designkonzept schaffen wir eine Arbeitsumgebung, die Ruhe und Konzentration f\u00f6rdert. Gleichzeitig entlastet Sie unser Service-Team vor Ort: vom Empfang Ihrer G\u00e4ste \u00fcber Post- und Paketannahme bis hin zu optionalem Catering. So bleibt Ihnen mehr Zeit f\u00fcr das Wesentliche &#8211; Ihr Business.\n\t\t\t\tWas unterscheidet ein Tagesb\u00fcro von einer Tagessuite in Mailand?\n\t\t\t\t<p>Ein Tagesb\u00fcro eignet sich optimal f\u00fcr Einzelarbeit oder diskrete Gespr\u00e4che &#8211; kompakt, modern und sofort nutzbar. Die Tagessuiten bieten zus\u00e4tzlich mehr Fl\u00e4che, luxuri\u00f6ses Ambiente und einen Beistelltisch f\u00fcr kleine Meetings.<\/p>\n\t\t\t\tF\u00fcr welche Anl\u00e4sse eignet sich ein Tagesb\u00fcro in Maland?\n\t\t\t\tEin Tagesb\u00fcro mieten in Mailand ist ideal:\n<ul data-start=\"2890\" data-end=\"3112\">\n<li data-start=\"2890\" data-end=\"2940\">\nals B\u00fcro auf Zeit w\u00e4hrend einer Gesch\u00e4ftsreise\n<\/li>\n<li data-start=\"2941\" data-end=\"3000\">\nf\u00fcr vertrauliche Besprechungen oder Bewerbungsgespr\u00e4che\n<\/li>\n<li data-start=\"3001\" data-end=\"3054\">\nals ruhiger Arbeitsplatz au\u00dferhalb des Homeoffice\n<\/li>\n<li data-start=\"3055\" data-end=\"3112\">\noder f\u00fcr Videokonferenzen mit professionellem Setting\n<\/li>\n<\/ul>\n\t\t\t\tWelche Services sind im Tagesb\u00fcro enthalten?\n\t\t\t\tBei Satellite Office erhalten Sie mehr als ein flexibles B\u00fcro in Mailand:\n<ul data-start=\"3246\" data-end=\"3488\">\n<li data-start=\"3246\" data-end=\"3288\">\nEmpfangsservice f\u00fcr Sie und Ihre G\u00e4ste\n<\/li>\n<li data-start=\"3289\" data-end=\"3315\">\nPost- und Paketannahme\n<\/li>\n<li data-start=\"3316\" data-end=\"3362\">\nHighspeed-Internet und moderne Ausstattung\n<\/li>\n<li data-start=\"3363\" data-end=\"3488\">\noptional buchbare Services wie Catering oder Konferenzr\u00e4ume<br data-start=\"3424\" data-end=\"3427\" \/>So k\u00f6nnen Sie sich voll auf Ihr Kerngesch\u00e4ft konzentrieren.\n<\/li>\n<\/ul>\n\t\t\t\tKann ich ein Tagesb\u00fcro kurzfristig buchen?\n\t\t\t\t<p>Ja, viele unserer R\u00e4ume sind auch kurzfristig verf\u00fcgbar. Dennoch empfehlen wir eine fr\u00fchzeitige Buchung, um Ihre bevorzugte Lage und Raumgr\u00f6\u00dfe zu sichern.<\/p>\n\t\t\t\tSind die Tagessuiten auch f\u00fcr Meetings geeignet?\n\t\t\t\t<p>Ja &#8211; die Tagessuiten sind perfekt f\u00fcr kleinere Meetings mit bis zu vier Personen. F\u00fcr gr\u00f6\u00dfere Runden stehen exklusive Konferenzr\u00e4ume an unseren Standorten in Mailand bereit.<\/p>\n<h2>\n\t\t\tWeitere Services in Mailand\t<\/h2>\n                  <a href=\"\/buero-mieten\/mailand\/\" role=\"listitem\">\n                    <!-- Pfeil-Icon -->\n                  \n                    B\u00fcros mieten in Mailand                  \n                \n                  Mieten Sie B\u00fcror\u00e4ume in Cordusio                \n          <\/a>\n                  <a href=\"\/virtual-office\/mailand\/\" role=\"listitem\">\n                    <!-- Pfeil-Icon -->\n                  \n                    Virtual Office in Mailand                  \n                \n                  Ihr professionelles Virtual Office                \n          <\/a>\n                  <a href=\"\/sitzungszimmer\/mailand\/\" role=\"listitem\">\n                    <!-- Pfeil-Icon -->\n                  \n                    Meetingraum in Mailand                  \n                \n                  Mieten Sie Konferenzr\u00e4ume in Mailand                \n          <\/a>\n                  <a href=\"\/geschaeftsadresse\/mailand\/\" role=\"listitem\">\n                    <!-- Pfeil-Icon -->\n                  \n                    Gesch\u00e4ftsadresse mieten in Mailand                  \n                \n                  Ihre Gesch\u00e4ftsadresse in Mailand                \n          <\/a>\n                  <a href=\"\/seminarraum-schulungsraum\/mailand\/\" role=\"listitem\">\n                    <!-- Pfeil-Icon -->\n                  \n                    Seminarr\u00e4ume in Mailand                  \n                \n                  Mieten Sie Schulungsr\u00e4ume in Mailand                \n          <\/a>\n                  <a href=\"\/coworking\/mailand\/\" role=\"listitem\">\n                    <!-- Pfeil-Icon -->\n                  \n                    Coworking Space in Mailand                  \n                \n                  Werden Sie Mitglied in der Community                \n          <\/a>\n    <!-- Controls -->\n      <button type=\"button\" aria-label=\"Zur\u00fcck\">\n      <\/button>\n      <button type=\"button\" aria-label=\"Weiter\">\n      <\/button>\n\t\t\t<a href=\"\/standorte\/\"  target=\"_self\">\n\t\t\t\t\t\t\tAlle Standorte\n\t\t\t\t\t<\/a>\n<h2>\n\t\t\tWeitere Standorte mit Tagesb\u00fcros\t<\/h2>\n<a href=\"\/kud15-gloria-berlin\/\">\n          <p>KUD15 Gloria Berlin<\/p>\n      <p>Kurf\u00fcrstendamm 15<\/p>\n<\/a>\n<a href=\"#\">\n          <p>Haus Cumberland<\/p>\n      <p>Kurf\u00fcrstendamm 194<\/p>\n<\/a>\n<a href=\"#\">\n          <p>R\u00f6mischer Hof<\/p>\n      <p>Unter den Linden 10<\/p>\n<\/a>\n<a href=\"#\">\n          <p>Kaiserliche Postdirektion<\/p>\n      <p>Franz\u00f6sischestr. 12<\/p>\n<\/a>\n\t\t\t<a href=\"\/standorte\/\"  target=\"_self\">\n\t\t\t\t\t\t\tAlle Standorte\n\t\t\t\t\t<\/a>\n<h2>\n\t\t\tJetzt Buchung anfragen\t<\/h2>\n\t    <div class=\"ansprechpartner-container\">\n      <div class=\"asp-image\" style=\"background: url('https:\/\/www.satellite-office.com\/wp-content\/uploads\/2025\/12\/Directors_2560x1708_Edoardo2.jpg') lightgray 50% \/ cover no-repeat;\"><\/div>\n\n            <div class=\"asp-content\">\n        <div class=\"asp-header\">\n          <div class=\"asp-subtitle\">Your contact in Milan!<\/div>\n          <div class=\"asp-name\">Edoardo Officioso<\/div>\n        <\/div>\n        <div class=\"asp-text\">Buongiorno! I will be happy to answer any questions you may have about our Satellite Office in Milan. I look forward to your call.  <\/div>\n\n                <div class=\"asp-cta\">\n\t\t\t<a href=\"tel:+39 02 306 120 05\">\n\t\t\t  <svg xmlns=\"http:\/\/www.w3.org\/2000\/svg\" width=\"18\" height=\"18\" viewBox=\"0 0 18 18\" fill=\"none\">\n\t\t\t\t<path d=\"M3.5625 7.3125V7.125C3.5625 4.32906 5.99696 2.0625 9 2.0625C12.0031 2.0625 14.4375 4.32906 14.4375 7.125V7.3125M9 14.7322V15.9375H11.25C13.114 15.9375 14.625 14.4265 14.625 12.5625M3.1875 7.3125H4.3125V12.1875H3.1875C2.56618 12.1875 2.0625 11.6838 2.0625 11.0625V8.4375C2.0625 7.8162 2.56618 7.3125 3.1875 7.3125ZM13.6875 7.3125H14.8125C15.4338 7.3125 15.9375 7.8162 15.9375 8.4375V11.0625C15.9375 11.6838 15.4338 12.1875 14.8125 12.1875H13.6875V7.3125Z\" stroke=\"white\" stroke-width=\"1.125\" stroke-linecap=\"square\"\/>\n\t\t\t  <\/svg>\n\t\t\t  +39 02 306 120 05\t\t\t<\/a>\n        <\/div>\n              <\/div>\n          <\/div>\n    \n\tpost_title); ?>&#8221;\n     data-produkt=&#8221;<?php echo esc_attr(get_field('produktauswahl')); ?>&#8220;>\n    <div id=\"acf-defaults\" data-standort=\"Milan\" data-produkt=\"konferenzraum\"><\/div>\n    <h6>Kontaktformular<\/h6>\n        <form method=\"post\">\n            <input type=\"hidden\" name=\"_lang\" value=\"en-it\" id=\"langField\" data-origin=\"wpml\" \/>\n          <!-- Zeile 1 -->\n              <label for=\"vorname\">Vorname<\/label>\n              <input type=\"text\" id=\"vorname\" name=\"vorname\" placeholder=\"Vorname\" \/>\n              <label for=\"zuname\">Nachname<\/label>\n              <input type=\"text\" id=\"zuname\" name=\"zuname\" placeholder=\"Nachname\" \/>\n          <!-- Zeile 2 -->\n              <label for=\"firma\">Firmenname<\/label>\n              <input type=\"text\" id=\"firma\" name=\"firma\" placeholder=\"Firmenname\" \/>\n          <!-- Zeile 3 -->\n              <label for=\"email\">E-Mail<\/label>\n              <input type=\"email\" id=\"email\" name=\"email\" placeholder=\"E-Mail\" \/>\n              <label for=\"telefon\">Telefon<\/label>\n              <input type=\"tel\" id=\"telefon\" name=\"telefon\" placeholder=\"Telefon\" \/>\n        <label for=\"standort\">Standort<\/label>\n        <!-- Sichtbarer Trigger -->\n          Standort ausw\u00e4hlen\n    Berlin\n      Haus Cumberland\n      Kud15 Gloria Berlin\n      R\u00f6mischer Hof\n      Kaiserliche Postdirektion\n    Hamburg\n      Neuer Wall\n      Ballindamm\n    M\u00fcnchen\n      Alte Hopfenpost\n      Ludwigpalais\n      Villa Goethe\n    Frankfurt am Main\n      Opernplatz XIV\n      Villa Sander\n    D\u00fcsseldorf\n      Girardet Haus\n    Stuttgart\n      K35\n    Z\u00fcrich\n      Haus Gryffenberg\n      Z\u00fcrcherhof\n    Genf\n      Hotel de Banque\n    Mailand\n      Piazza Cordusio\n<select id=\"standort\" name=\"standort\">\n  <option value=\"\" disabled selected>Standort ausw\u00e4hlen<\/option>\n  <!-- Berlin -->\n  <option value=\"berlin\">Berlin<\/option>\n  <option value=\"haus-cumberland\">Haus Cumberland<\/option>\n  <option value=\"kud15-gloria-berlin\">Kud15 Gloria Berlin<\/option>\n  <option value=\"roemischer-hof\">R\u00f6mischer Hof<\/option>\n  <option value=\"kaiserliche-postdirektion\">Kaiserliche Postdirektion<\/option>\n  <!-- Hamburg -->\n  <option value=\"hamburg\">Hamburg<\/option>\n  <option value=\"neuer-wall\">Neuer Wall<\/option>\n  <option value=\"ballindamm\">Ballindamm<\/option>\n  <!-- M\u00fcnchen -->\n  <option value=\"muenchen\">M\u00fcnchen<\/option>\n  <option value=\"alte-hopfenpost\">Alte Hopfenpost<\/option>\n  <option value=\"ludwigpalais\">Ludwigpalais<\/option>\n  <option value=\"villa-goethe\">Villa Goethe<\/option>\n  <!-- Frankfurt -->\n  <option value=\"frankfurt-am-main\">Frankfurt am Main<\/option>\n  <option value=\"opernplatz-xiv\">Opernplatz XIV<\/option>\n  <option value=\"villa-sander\">Villa Sander<\/option>\n  <!-- D\u00fcsseldorf -->\n  <option value=\"duesseldorf\">D\u00fcsseldorf<\/option>\n  <option value=\"girardet-haus\">Girardet Haus<\/option>\n  <!-- Stuttgart -->\n  <option value=\"stuttgart\">Stuttgart<\/option>\n  <option value=\"k35\">K35<\/option>\n  <!-- Z\u00fcrich -->\n  <option value=\"zuerich\">Z\u00fcrich<\/option>\n  <option value=\"haus-gryffenberg\">Haus Gryffenberg<\/option>\n  <option value=\"zuercherhof\">Z\u00fcrcherhof<\/option>\n  <!-- Genf -->\n  <option value=\"genf\">Genf<\/option>\n  <option value=\"hotel-de-banque\">Hotel de Banque<\/option>\n  <!-- Mailand -->\n  <option value=\"mailand\">Mailand<\/option>\n  <option value=\"piazza-cordusio\">Piazza Cordusio<\/option>\n<\/select>\n          <!-- Zeile 5 -->\n              <label for=\"produkt\">Produkt<\/label>\n                <select\n                  name=\"produkt\"\n                  id=\"produkt\"\n                  onchange=\"toggleKonferenzraumFields(this.value)\">\n                  <option value=\"\" disabled selected>Produkt ausw\u00e4hlen<\/option>\n                  <option value=\"bueros\">B\u00fcros<\/option>\n                  <option value=\"geschaeftsadresse\">Gesch\u00e4ftsadresse<\/option>\n                  <option value=\"konferenzraum\">Konferenzraum<\/option>\n                  <option value=\"coworking\">Coworking \/ Membership<\/option>\n                <\/select>\n          <!-- Konferenzraum Zusatzfelder -->\n                <label for=\"startdatum\">Startdatum<\/label>\n                <input type=\"date\" id=\"startdatum\" name=\"startdatum\" \/>\n                <label for=\"startzeit\">Uhrzeit<\/label>\n                <input type=\"time\" id=\"startzeit\" name=\"startzeit\" \/>\n                <label for=\"enddatum\">Enddatum<\/label>\n                <input type=\"date\" id=\"enddatum\" name=\"enddatum\" \/>\n                <label for=\"endzeit\">Uhrzeit<\/label>\n                <input type=\"time\" id=\"endzeit\" name=\"endzeit\" \/>\n          <!-- Zeile 6 -->\n              <label for=\"nachricht\">Nachricht<\/label>\n              <textarea id=\"nachricht\" name=\"nachricht\" placeholder=\"Nachricht\"><\/textarea>\n          <!-- Zeile 7 -->\n            <label><input type=\"checkbox\" name=\"checkbox1\" \/> Hiermit erkl\u00e4re ich mich einverstanden, dass die Satellite Office GmbH mich per Newsletter \u00fcber aktuelle Angebote, Produktneuheiten und neue Beitr\u00e4ge informieren darf. Diese Einwilligung kann ich jederzeit widerrufen.  <\/label>\n          <!-- Zeile 8 -->\n            <label><input type=\"checkbox\" name=\"checkbox2\" \/> Ich habe die Datenschutzerkl\u00e4rung zur Kenntnis genommen. Ich stimme zu, dass meine Angaben und Daten zur Beantwortung meiner Anfrage elektronisch erhoben und gespeichert werden. Hinweis: Sie k\u00f6nnen Ihre Einwilligung jederzeit f\u00fcr die Zukunft per E-Mail an datenschutz(at)satelliteoffice(dot)de widerrufen.<\/label>\n            <input type=\"text\" name=\"customerjourney\" id=\"customerjourney\"\/> \n          <!-- Zeile 9 -->\n            <button type=\"submit\">Jetzt Anfragen<\/button>\n        <\/form>\n\n","protected":false},"excerpt":{"rendered":"<p>Tagesb\u00fcro in Mailand mieten Mailand Ihr Tagesb\u00fcro in Mailand &#8211; Stunden- und Tagesweise mietbar Brosch\u00fcre Angebot anfordern Flexibilit\u00e4t pur &#8211; mieten Sie stunden- oder tageweise, ganz ohne langfristige Bindung Erstklassige Standorte in Mailand: Via Broletto 4 Stilvolles Arbeiten &#8211; pureSilent\u00ae-Designkonzept f\u00fcr maximale Ruhe und Konzentration Tagessuiten f\u00fcr mehr Repr\u00e4sentanz &#8211; mit zus\u00e4tzlichem Platz und Meeting-M\u00f6glichkeit&hellip;<\/p>\n","protected":false},"author":1,"featured_media":37689,"parent":183817,"menu_order":0,"comment_status":"closed","ping_status":"closed","template":"","meta":{"_acf_changed":false,"_seopress_robots_primary_cat":"","_seopress_titles_title":"Rent a day office in Milan: Via Broletto 4","_seopress_titles_desc":"Rent your prestigious day office in Milan at Piazza Cordusio. Prime location\u2713 Bookable by the hour or day\u2713 Guest reception\u2713 ","_seopress_robots_index":"","footnotes":""},"class_list":["post-183713","page","type-page","status-publish","has-post-thumbnail","hentry"],"acf":[],"_links":{"self":[{"href":"https:\/\/www.satellite-office.com\/en-it\/wp-json\/wp\/v2\/pages\/183713","targetHints":{"allow":["GET"]}}],"collection":[{"href":"https:\/\/www.satellite-office.com\/en-it\/wp-json\/wp\/v2\/pages"}],"about":[{"href":"https:\/\/www.satellite-office.com\/en-it\/wp-json\/wp\/v2\/types\/page"}],"author":[{"embeddable":true,"href":"https:\/\/www.satellite-office.com\/en-it\/wp-json\/wp\/v2\/users\/1"}],"replies":[{"embeddable":true,"href":"https:\/\/www.satellite-office.com\/en-it\/wp-json\/wp\/v2\/comments?post=183713"}],"version-history":[{"count":0,"href":"https:\/\/www.satellite-office.com\/en-it\/wp-json\/wp\/v2\/pages\/183713\/revisions"}],"up":[{"embeddable":true,"href":"https:\/\/www.satellite-office.com\/en-it\/wp-json\/wp\/v2\/pages\/183817"}],"wp:featuredmedia":[{"embeddable":true,"href":"https:\/\/www.satellite-office.com\/en-it\/wp-json\/wp\/v2\/media\/37689"}],"wp:attachment":[{"href":"https:\/\/www.satellite-office.com\/en-it\/wp-json\/wp\/v2\/media?parent=183713"}],"curies":[{"name":"wp","href":"https:\/\/api.w.org\/{rel}","templated":true}]}}