{"id":183767,"date":"2025-07-02T10:50:56","date_gmt":"2025-07-02T08:50:56","guid":{"rendered":"https:\/\/www.satellite-office.com\/bueroservice\/"},"modified":"2025-12-04T13:37:50","modified_gmt":"2025-12-04T12:37:50","slug":"service-de-bureau","status":"publish","type":"page","link":"https:\/\/www.satellite-office.com\/fr-ch\/service-de-bureau\/","title":{"rendered":"Service de bureau"},"content":{"rendered":"","protected":false},"excerpt":{"rendered":"","protected":false},"author":1,"featured_media":183773,"parent":0,"menu_order":0,"comment_status":"closed","ping_status":"closed","template":"","meta":{"_acf_changed":false,"_seopress_robots_primary_cat":"","_seopress_titles_title":"Service de bureau - service t\u00e9l\u00e9phonique professionnel & service postal","_seopress_titles_desc":"Des services de bureau professionnels aux meilleures adresses : Service t\u00e9l\u00e9phonique, r\u00e9ception de courrier & services de secr\u00e9tariat aux meilleures adresses. Informez-vous maintenant ! ","_seopress_robots_index":"","footnotes":""},"class_list":["post-183767","page","type-page","status-publish","has-post-thumbnail","hentry"],"acf":[],"_links":{"self":[{"href":"https:\/\/www.satellite-office.com\/fr-ch\/wp-json\/wp\/v2\/pages\/183767","targetHints":{"allow":["GET"]}}],"collection":[{"href":"https:\/\/www.satellite-office.com\/fr-ch\/wp-json\/wp\/v2\/pages"}],"about":[{"href":"https:\/\/www.satellite-office.com\/fr-ch\/wp-json\/wp\/v2\/types\/page"}],"author":[{"embeddable":true,"href":"https:\/\/www.satellite-office.com\/fr-ch\/wp-json\/wp\/v2\/users\/1"}],"replies":[{"embeddable":true,"href":"https:\/\/www.satellite-office.com\/fr-ch\/wp-json\/wp\/v2\/comments?post=183767"}],"version-history":[{"count":0,"href":"https:\/\/www.satellite-office.com\/fr-ch\/wp-json\/wp\/v2\/pages\/183767\/revisions"}],"wp:featuredmedia":[{"embeddable":true,"href":"https:\/\/www.satellite-office.com\/fr-ch\/wp-json\/wp\/v2\/media\/183773"}],"wp:attachment":[{"href":"https:\/\/www.satellite-office.com\/fr-ch\/wp-json\/wp\/v2\/media?parent=183767"}],"curies":[{"name":"wp","href":"https:\/\/api.w.org\/{rel}","templated":true}]}}