{"id":183848,"date":"2025-07-02T10:05:24","date_gmt":"2025-07-02T08:05:24","guid":{"rendered":"https:\/\/www.satellite-office.com\/milano-3\/"},"modified":"2026-02-11T11:03:26","modified_gmt":"2026-02-11T10:03:26","slug":"milan","status":"publish","type":"page","link":"https:\/\/www.satellite-office.com\/fr-ch\/adresse-professionnelle\/milan\/","title":{"rendered":"Adresse professionnelle Milano"},"content":{"rendered":"\n<h1>\n\t\t\tGesch\u00e4ftsadresse in Mailand mieten \t<\/h1>\n\t<h2>Gesch\u00e4ftsadresse mieten in Mailand:<\/h2>\n<h2>Via Broletto 4 Piazza Cordusio<\/h2>\n\t\t\t<a href=\"https:\/\/www.satellite-office.com\/fr-ch\/contact\/\" target=\"_self\">\n\t\t\t\t\t\t\tGesch\u00e4ftsadresse mieten\n\t\t\t\t\t<\/a>\n        Repr\u00e4sentative Gesch\u00e4ftsadresse: Piazza Cordusio &#8211; Via Broletto 4      \n        Seri\u00f6ser Unternehmensauftritt: Firmenschild im Foyer und Telefonservice f\u00fcr maximale Seriosit\u00e4t      \n        Unbegrenzte Post- und Paketannahme mit optionaler Postweiterleitung       \n        Exklusive Satellite Office Membership: Zugang zu allen Standorten und Coworking Spaces      \n        Rechtssicherer Firmensitz: Eintrag im Handelsregister m\u00f6glich      \n\t<strong data-start=\"112\" data-end=\"166\">Vorteile, die in Ihrem Umfeld wahrgenommen werden.<\/strong>\nEine repr\u00e4sentative <strong data-start=\"190\" data-end=\"221\">Gesch\u00e4ftsadresse in Mailand<\/strong> an der Piazza Cordusio strahlt Seriosit\u00e4t aus, schafft Vertrauen bei Ihren Gesch\u00e4ftspartnern und verleiht jeder Visitenkarte Gewicht. Sie bildet das Fundament f\u00fcr eine erfolgreiche Kundenakquise und sch\u00fctzt gleichzeitig Ihre Privatadresse. Ideal f\u00fcr Gr\u00fcnder zum sofortigen Start ohne Risiko: keine Anschaffungen, keine Langzeitvertr\u00e4ge. Wenn sich die Anmietung eigener B\u00fcror\u00e4ume noch nicht lohnt oder nicht notwendig ist, ist die Gesch\u00e4ftsadresse in Mailand bei Satellite Office die perfekte L\u00f6sung. Dabei profitieren Sie von maximaler Flexibilit\u00e4t und k\u00f6nnen jederzeit kurzfristig auf zus\u00e4tzliche Services wie Konferenzr\u00e4ume, B\u00fcros oder Sekretariatsarbeiten zur\u00fcckgreifen.\nMit der <strong data-start=\"907\" data-end=\"926\">Membershipkarte<\/strong> erhalten Sie nicht nur Zutritt zu allen Satellite Office Coworking Spaces in Mailand, Deutschland und der Schweiz, sondern auch Zugang zu einem exklusiven Business-Netzwerk.\n\t    <div class=\"satellite-adresses\">\n        <div class=\"satellite-adress-header\">\n            Adresse de premier choix \u00e0 Milan        <\/div>\n\n        <div class=\"satellite-adress-nav\">\n                            <div class=\"satellite-adress-subnav\">\n                    <div class=\"satellite-adress-name\">Cordusio &#8211; Opening Soon<\/div>\n                    <div class=\"satellite-adress\">Via Broletto 4<\/div>\n                <\/div>\n                    <\/div>\n    <\/div>\n    \n                      Gesch\u00e4ftsadresse in Mailand mieten\n                                Sichern Sie sich eine repr\u00e4sentative Gesch\u00e4ftsadresse in Mailand, die Eindruck macht.\n            Mit Satellite Office entscheiden Sie sich f\u00fcr eine Premium-Adresse in bester Innenstadtlage: direkt an der <strong data-start=\"350\" data-end=\"385\">Piazza Cordusio, via Broletto 4<\/strong>. Dieser prestigetr\u00e4chtige Standort unterstreicht die Professionalit\u00e4t Ihres Unternehmens und schafft Vertrauen bei Kunden und Gesch\u00e4ftspartnern.Unser zuverl\u00e4ssiger B\u00fcroservice \u00fcbernimmt f\u00fcr Sie die Post- und Paketannahme, sortiert Sendungen und leitet sie auf Wunsch flexibel weiter. Erg\u00e4nzend kann auch ein professioneller Telefonservice mit mehrsprachiger Betreuung gebucht werden &#8211; f\u00fcr einen erstklassigen Au\u00dfenauftritt, ganz ohne eigenes B\u00fcro.          \n                  <!-- Icon: einfach SVG eingebettet lassen -->\n                Erstklassige Gesch\u00e4ftsadresse in Mailand ohne c\/o Zusatz: Via Broletto 4              \n                  <!-- Icon: einfach SVG eingebettet lassen -->\n                Unbegrenzte Post und Paketannahme &#8211; Postweiterleitung oder pers\u00f6nliche Abholung m\u00f6glich              \n                  <!-- Icon: einfach SVG eingebettet lassen -->\n                Ihr Firmenschild auf der Schildanlage im Foyer (optional)              \n                  <!-- Icon: einfach SVG eingebettet lassen -->\n                Satellite Office Membership &#8211; Ihr Eintritt in ein starkes Business-Netzwerk              \n                  <!-- Icon: einfach SVG eingebettet lassen -->\n                Lokale Faxnummer und Service mit UMS-Technik              \n                  <!-- Icon: einfach SVG eingebettet lassen -->\n                Nutzung unserer Besprechungsr\u00e4ume in Mailand              \n                  <!-- Icon: einfach SVG eingebettet lassen -->\n                Zugang zu allen Satellite Office Workspaces und unseren Networking-Events              \n                  <button>\n            <a href=\"#kontakt\">Gesch\u00e4ftsadresse mieten<\/a>\n          <\/button>\n                      Gesch\u00e4ftsadresse in Mailand als Firmensitz mit Eintrag im Handelsregister\n                                Ladungsf\u00e4hige Gesch\u00e4ftsadresse in Mailand &#8211; Piazza Cordusio, via Broletto 4\n            Sie m\u00f6chten Ihr Unternehmen offiziell in Mailand anmelden? Mit einer ladungsf\u00e4higen Gesch\u00e4ftsadresse bei Satellite Office sichern Sie sich eine rechtlich nutzbare Anschrift f\u00fcr Handelsregistereintragungen, Beh\u00f6rdenpost und Gesch\u00e4ftskorrespondenz &#8211; direkt im historischen Palazzo an der Piazza Cordusio.Diese Premium-Adresse bietet nicht nur Seriosit\u00e4t und Prestige, sondern auch maximale Flexibilit\u00e4t ohne langfristige Vertragsbindung. Unser erfahrenes Team \u00fcbernimmt f\u00fcr Sie die Post- und Paketannahme, sorgt f\u00fcr sichere Aufbewahrung oder leitet Ihre Sendungen zuverl\u00e4ssig weiter. Erg\u00e4nzend k\u00f6nnen Sie einen mehrsprachigen Telefonservice nutzen, um Ihre Gesch\u00e4ftspr\u00e4senz in Italien noch weiter zu st\u00e4rken.          \n                  <!-- Icon: einfach SVG eingebettet lassen -->\n                Erstklassige Gesch\u00e4ftsadresse in Mailand f\u00fcr das Handelsregister: Via Broletto 4              \n                  <!-- Icon: einfach SVG eingebettet lassen -->\n                Unbegrenzte Post und Paketannahme &#8211; Postweiterleitung oder pers\u00f6nliche Abholung m\u00f6glich              \n                  <!-- Icon: einfach SVG eingebettet lassen -->\n                Ihr Firmenschild auf der Schildanlage im Foyer (optional)              \n                  <!-- Icon: einfach SVG eingebettet lassen -->\n                Satellite Office Membership &#8211; Ihr Eintritt in ein starkes Business-Netzwerk              \n                  <!-- Icon: einfach SVG eingebettet lassen -->\n                Lokale Faxnummer und Service mit UMS-Technik              \n                  <!-- Icon: einfach SVG eingebettet lassen -->\n                Nutzung unserer Besprechungsr\u00e4ume in Mailand              \n                  <!-- Icon: einfach SVG eingebettet lassen -->\n                Zugang zu allen Satellite Office Workspaces und unseren Networking-Events              \n                  <!-- Icon: einfach SVG eingebettet lassen -->\n                Erf\u00fcllung der Voraussetzungen zur Handelsregistereintragung inkl. Schlie\u00dffach und Arbeitsplatz              \n                  <button>\n            <a href=\"#kontakt\">Firmensitz mieten<\/a>\n          <\/button>\n<h2>\n\t\t\tWeitere Standorte von Satellite Office\t<\/h2>\n\t    <div class=\"satellite-carousel-wrapper\" style=\"position: relative; overflow-x: hidden;\">\n        <div class=\"satellite-carousel-track\" style=\"display: flex; gap: 20px; overflow-x: auto; scroll-behavior: smooth;\">\n                            <a href=\"https:\/\/www.satellite-office.com\/fr-ch\/emplacement\/milan\/piazza-cordusio\/\" class=\"satellite-center-card\" style=\"background-image: url('https:\/\/www.satellite-office.com\/wp-content\/uploads\/2025\/06\/PiazzaCordusio_1-min.webp'); width: 338px; flex-shrink: 0; text-decoration: none;\">\n                    <div class=\"satellite-center-card-content-dark\">\n                        <div class=\"satellite-center-card-content-header\">\n                            <div class=\"satellite-center-card-content-name\">\n                                <div class=\"satellite-center-card-content-button\">\n                                    <svg xmlns=\"http:\/\/www.w3.org\/2000\/svg\" width=\"16\" height=\"16\"><path fill-rule=\"evenodd\" clip-rule=\"evenodd\" d=\"M10.0408 7.99976L6.66707 4.62598L5.95996 5.33308L8.62661 7.99976L5.95996 10.6664L6.66707 11.3735L10.0408 7.99976Z\" fill=\"white\"\/><\/svg>\n                                <\/div>\n                                <p class=\"satellite-center-card-content-title\">Cordusio &#8211; Opening Soon<\/p>\n                            <\/div>\n                            <div class=\"satellite-center-card-content-piktogramm\">\n                                                            <\/div>\n                        <\/div>\n                        <p class=\"satellite-center-card-content-text\">Via Broletto 4<\/p>\n                    <\/div>\n                <\/a>\n                    <\/div>\n\n        <div class=\"satellite-carousel-controls\" style=\"display: flex; justify-content: flex-end; gap: 10px; margin-top: 15px;\">\n            <div class=\"satellite-carousel-arrow-circle\" onclick=\"satelliteScrollCarousel(this, -1)\">\n                <svg xmlns=\"http:\/\/www.w3.org\/2000\/svg\" width=\"24\" height=\"24\"><path fill-rule=\"evenodd\" clip-rule=\"evenodd\" d=\"M8.939 12L14 6.94l1.061 1.06L11.061 12 15.06 16l-1.06 1.06L8.939 12z\" fill=\"white\"\/><\/svg>\n            <\/div>\n            <div class=\"satellite-carousel-arrow-circle\" onclick=\"satelliteScrollCarousel(this, 1)\">\n                <svg xmlns=\"http:\/\/www.w3.org\/2000\/svg\" fill=\"white\" viewBox=\"0 0 16 16\"><path d=\"M10.04 8L6.667 4.626l-.707.708L8.707 8l-2.747 2.666.707.707L10.04 8z\"\/><\/svg>\n            <\/div>\n        <\/div>\n    <\/div>\n\n    <script>\n    function satelliteScrollCarousel(el, direction) {\n        const wrapper = el.closest('.satellite-carousel-wrapper');\n        const track = wrapper.querySelector('.satellite-carousel-track');\n        const scrollAmount = 350;\n        track.scrollBy({ left: direction * scrollAmount, behavior: 'smooth' });\n    }\n\t\t\n\t\/\/ Init bei DOM-Ready\n\tdocument.addEventListener('DOMContentLoaded', function () {\n\t\tconst wrappers = document.querySelectorAll('.satellite-carousel-wrapper');\n\n\t\twrappers.forEach(wrapper => {\n\t\t\tcheckCarouselOverflow(wrapper);\n\n\t\t\t\/\/ Reagiere auf Resize (auch bei Mobile-Drehung)\n\t\t\tconst resizeObserver = new ResizeObserver(() => checkCarouselOverflow(wrapper));\n\t\t\tresizeObserver.observe(wrapper);\n\n\t\t\t\/\/ Optional: Scroll-\u00c4nderungen beobachten, wenn Cards dynamisch raus-\/rein-gescrollt werden\n\t\t\twrapper.querySelector('.satellite-carousel-track').addEventListener('scroll', () => {\n\t\t\t\tcheckCarouselOverflow(wrapper);\n\t\t\t});\n\t\t});\n\t});\n\n    \/\/ Debug-Ausgabe in der Konsole\n    console.log('%c\ud83d\udd0d Satellite Debug:', 'color: green; font-weight: bold;');\n    console.log({\n    \"current_lang\": \"fr-ch\",\n    \"acf_selected_city_title\": \"Milan\",\n    \"matched_city_ids_by_title\": [\n        186825,\n        186821,\n        41567\n    ],\n    \"total_locations_found\": 3,\n    \"filtered_locations\": [\n        {\n            \"id\": 187748,\n            \"title\": \"Cordusio &#8211; Opening Soon\",\n            \"lang\": \"fr-ch\"\n        }\n    ]\n});\n    <\/script>\n    \n\t\t\t<a href=\"https:\/\/www.satellite-office.com\/fr-ch\/emplacements\/\" target=\"_self\">\n\t\t\t\t\t\t\tAlle Standorte\n\t\t\t\t\t<\/a>\n<h2>\n\t\t\tJetzt Buchung anfragen\t<\/h2>\n\t    <div class=\"ansprechpartner-container\">\n      <div class=\"asp-image\" style=\"background: url('https:\/\/www.satellite-office.com\/wp-content\/uploads\/2025\/12\/Directors_2560x1708_Edoardo2.jpg') lightgray 50% \/ cover no-repeat;\"><\/div>\n\n            <div class=\"asp-content\">\n        <div class=\"asp-header\">\n          <div class=\"asp-subtitle\">Votre contact \u00e0 Milan !<\/div>\n          <div class=\"asp-name\">Edoardo Officioso<\/div>\n        <\/div>\n        <div class=\"asp-text\">Buongiorno (bonjour) ! N&#039;h\u00e9sitez pas \u00e0 me contacter pour toute question concernant notre Satellite Office \u00e0 Milan. Je me r\u00e9jouis de votre appel.  <\/div>\n\n                <div class=\"asp-cta\">\n\t\t\t<a href=\"tel:+39 02 306 120 05\">\n\t\t\t  <svg xmlns=\"http:\/\/www.w3.org\/2000\/svg\" width=\"18\" height=\"18\" viewBox=\"0 0 18 18\" fill=\"none\">\n\t\t\t\t<path d=\"M3.5625 7.3125V7.125C3.5625 4.32906 5.99696 2.0625 9 2.0625C12.0031 2.0625 14.4375 4.32906 14.4375 7.125V7.3125M9 14.7322V15.9375H11.25C13.114 15.9375 14.625 14.4265 14.625 12.5625M3.1875 7.3125H4.3125V12.1875H3.1875C2.56618 12.1875 2.0625 11.6838 2.0625 11.0625V8.4375C2.0625 7.8162 2.56618 7.3125 3.1875 7.3125ZM13.6875 7.3125H14.8125C15.4338 7.3125 15.9375 7.8162 15.9375 8.4375V11.0625C15.9375 11.6838 15.4338 12.1875 14.8125 12.1875H13.6875V7.3125Z\" stroke=\"white\" stroke-width=\"1.125\" stroke-linecap=\"square\"\/>\n\t\t\t  <\/svg>\n\t\t\t  +39 02 306 120 05\t\t\t<\/a>\n        <\/div>\n              <\/div>\n          <\/div>\n    \n\tpost_title); ?>&#8221;\n     data-produkt=&#8221;<?php echo esc_attr(get_field('produktauswahl')); ?>&#8220;>\n    <div id=\"acf-defaults\" data-standort=\"Milan\" data-produkt=\"\"><\/div>\n    <h6>Kontaktformular<\/h6>\n        <form method=\"post\">\n            <input type=\"hidden\" name=\"_lang\" value=\"fr-ch\" id=\"langField\" data-origin=\"wpml\" \/>\n          <!-- Zeile 1 -->\n              <label for=\"vorname\">Vorname<\/label>\n              <input type=\"text\" id=\"vorname\" name=\"vorname\" placeholder=\"Vorname\" \/>\n              <label for=\"zuname\">Nachname<\/label>\n              <input type=\"text\" id=\"zuname\" name=\"zuname\" placeholder=\"Nachname\" \/>\n          <!-- Zeile 2 -->\n              <label for=\"firma\">Firmenname<\/label>\n              <input type=\"text\" id=\"firma\" name=\"firma\" placeholder=\"Firmenname\" \/>\n          <!-- Zeile 3 -->\n              <label for=\"email\">E-Mail<\/label>\n              <input type=\"email\" id=\"email\" name=\"email\" placeholder=\"E-Mail\" \/>\n              <label for=\"telefon\">Telefon<\/label>\n              <input type=\"tel\" id=\"telefon\" name=\"telefon\" placeholder=\"Telefon\" \/>\n        <label for=\"standort\">Standort<\/label>\n        <!-- Sichtbarer Trigger -->\n          Standort ausw\u00e4hlen\n    Berlin\n      Haus Cumberland\n      Kud15 Gloria Berlin\n      R\u00f6mischer Hof\n      Kaiserliche Postdirektion\n    Hamburg\n      Neuer Wall\n      Ballindamm\n    M\u00fcnchen\n      Alte Hopfenpost\n      Ludwigpalais\n      Villa Goethe\n    Frankfurt am Main\n      Opernplatz XIV\n      Villa Sander\n    D\u00fcsseldorf\n      Girardet Haus\n    Stuttgart\n      K35\n    Z\u00fcrich\n      Haus Gryffenberg\n      Z\u00fcrcherhof\n    Genf\n      Hotel de Banque\n    Mailand\n      Piazza Cordusio\n<select id=\"standort\" name=\"standort\">\n  <option value=\"\" disabled selected>Standort ausw\u00e4hlen<\/option>\n  <!-- Berlin -->\n  <option value=\"berlin\">Berlin<\/option>\n  <option value=\"haus-cumberland\">Haus Cumberland<\/option>\n  <option value=\"kud15-gloria-berlin\">Kud15 Gloria Berlin<\/option>\n  <option value=\"roemischer-hof\">R\u00f6mischer Hof<\/option>\n  <option value=\"kaiserliche-postdirektion\">Kaiserliche Postdirektion<\/option>\n  <!-- Hamburg -->\n  <option value=\"hamburg\">Hamburg<\/option>\n  <option value=\"neuer-wall\">Neuer Wall<\/option>\n  <option value=\"ballindamm\">Ballindamm<\/option>\n  <!-- M\u00fcnchen -->\n  <option value=\"muenchen\">M\u00fcnchen<\/option>\n  <option value=\"alte-hopfenpost\">Alte Hopfenpost<\/option>\n  <option value=\"ludwigpalais\">Ludwigpalais<\/option>\n  <option value=\"villa-goethe\">Villa Goethe<\/option>\n  <!-- Frankfurt -->\n  <option value=\"frankfurt-am-main\">Frankfurt am Main<\/option>\n  <option value=\"opernplatz-xiv\">Opernplatz XIV<\/option>\n  <option value=\"villa-sander\">Villa Sander<\/option>\n  <!-- D\u00fcsseldorf -->\n  <option value=\"duesseldorf\">D\u00fcsseldorf<\/option>\n  <option value=\"girardet-haus\">Girardet Haus<\/option>\n  <!-- Stuttgart -->\n  <option value=\"stuttgart\">Stuttgart<\/option>\n  <option value=\"k35\">K35<\/option>\n  <!-- Z\u00fcrich -->\n  <option value=\"zuerich\">Z\u00fcrich<\/option>\n  <option value=\"haus-gryffenberg\">Haus Gryffenberg<\/option>\n  <option value=\"zuercherhof\">Z\u00fcrcherhof<\/option>\n  <!-- Genf -->\n  <option value=\"genf\">Genf<\/option>\n  <option value=\"hotel-de-banque\">Hotel de Banque<\/option>\n  <!-- Mailand -->\n  <option value=\"mailand\">Mailand<\/option>\n  <option value=\"piazza-cordusio\">Piazza Cordusio<\/option>\n<\/select>\n          <!-- Zeile 5 -->\n              <label for=\"produkt\">Produkt<\/label>\n                <select\n                  name=\"produkt\"\n                  id=\"produkt\"\n                  onchange=\"toggleKonferenzraumFields(this.value)\">\n                  <option value=\"\" disabled selected>Produkt ausw\u00e4hlen<\/option>\n                  <option value=\"bueros\">B\u00fcros<\/option>\n                  <option value=\"geschaeftsadresse\">Gesch\u00e4ftsadresse<\/option>\n                  <option value=\"konferenzraum\">Konferenzraum<\/option>\n                  <option value=\"coworking\">Coworking \/ Membership<\/option>\n                <\/select>\n          <!-- Konferenzraum Zusatzfelder -->\n                <label for=\"startdatum\">Startdatum<\/label>\n                <input type=\"date\" id=\"startdatum\" name=\"startdatum\" \/>\n                <label for=\"startzeit\">Uhrzeit<\/label>\n                <input type=\"time\" id=\"startzeit\" name=\"startzeit\" \/>\n                <label for=\"enddatum\">Enddatum<\/label>\n                <input type=\"date\" id=\"enddatum\" name=\"enddatum\" \/>\n                <label for=\"endzeit\">Uhrzeit<\/label>\n                <input type=\"time\" id=\"endzeit\" name=\"endzeit\" \/>\n          <!-- Zeile 6 -->\n              <label for=\"nachricht\">Nachricht<\/label>\n              <textarea id=\"nachricht\" name=\"nachricht\" placeholder=\"Nachricht\"><\/textarea>\n          <!-- Zeile 7 -->\n            <label><input type=\"checkbox\" name=\"checkbox1\" \/> Hiermit erkl\u00e4re ich mich einverstanden, dass die Satellite Office GmbH mich per Newsletter \u00fcber aktuelle Angebote, Produktneuheiten und neue Beitr\u00e4ge informieren darf. Diese Einwilligung kann ich jederzeit widerrufen.  <\/label>\n          <!-- Zeile 8 -->\n            <label><input type=\"checkbox\" name=\"checkbox2\" \/> Ich habe die Datenschutzerkl\u00e4rung zur Kenntnis genommen. Ich stimme zu, dass meine Angaben und Daten zur Beantwortung meiner Anfrage elektronisch erhoben und gespeichert werden. Hinweis: Sie k\u00f6nnen Ihre Einwilligung jederzeit f\u00fcr die Zukunft per E-Mail an datenschutz(at)satelliteoffice(dot)de widerrufen.<\/label>\n            <input type=\"text\" name=\"customerjourney\" id=\"customerjourney\"\/> \n          <!-- Zeile 9 -->\n            <button type=\"submit\">Jetzt Anfragen<\/button>\n        <\/form>\n\n","protected":false},"excerpt":{"rendered":"","protected":false},"author":1,"featured_media":183850,"parent":183892,"menu_order":0,"comment_status":"closed","ping_status":"closed","template":"","meta":{"_acf_changed":false,"_seopress_robots_primary_cat":"","_seopress_titles_title":"Location d'une adresse commerciale valide \u00e0 Milan : Via Broletto 4","_seopress_titles_desc":"Louez une pr\u00e9sence sur le march\u00e9 avec une adresse \u00e0 Milan sur le Duomo : Via Broletto 4. Adresse repr\u00e9sentative\u2713 Services de bureau\u2713","_seopress_robots_index":"","footnotes":""},"class_list":["post-183848","page","type-page","status-publish","has-post-thumbnail","hentry"],"acf":[],"_links":{"self":[{"href":"https:\/\/www.satellite-office.com\/fr-ch\/wp-json\/wp\/v2\/pages\/183848","targetHints":{"allow":["GET"]}}],"collection":[{"href":"https:\/\/www.satellite-office.com\/fr-ch\/wp-json\/wp\/v2\/pages"}],"about":[{"href":"https:\/\/www.satellite-office.com\/fr-ch\/wp-json\/wp\/v2\/types\/page"}],"author":[{"embeddable":true,"href":"https:\/\/www.satellite-office.com\/fr-ch\/wp-json\/wp\/v2\/users\/1"}],"replies":[{"embeddable":true,"href":"https:\/\/www.satellite-office.com\/fr-ch\/wp-json\/wp\/v2\/comments?post=183848"}],"version-history":[{"count":0,"href":"https:\/\/www.satellite-office.com\/fr-ch\/wp-json\/wp\/v2\/pages\/183848\/revisions"}],"up":[{"embeddable":true,"href":"https:\/\/www.satellite-office.com\/fr-ch\/wp-json\/wp\/v2\/pages\/183892"}],"wp:featuredmedia":[{"embeddable":true,"href":"https:\/\/www.satellite-office.com\/fr-ch\/wp-json\/wp\/v2\/media\/183850"}],"wp:attachment":[{"href":"https:\/\/www.satellite-office.com\/fr-ch\/wp-json\/wp\/v2\/media?parent=183848"}],"curies":[{"name":"wp","href":"https:\/\/api.w.org\/{rel}","templated":true}]}}