{"id":183857,"date":"2025-07-02T10:13:34","date_gmt":"2025-07-02T08:13:34","guid":{"rendered":"https:\/\/www.satellite-office.com\/tagesbuero\/"},"modified":"2025-10-30T18:09:22","modified_gmt":"2025-10-30T17:09:22","slug":"bureau-de-jour","status":"publish","type":"page","link":"https:\/\/www.satellite-office.com\/fr-ch\/bureau-de-jour\/","title":{"rendered":"Bureau de jour"},"content":{"rendered":"","protected":false},"excerpt":{"rendered":"","protected":false},"author":1,"featured_media":183862,"parent":0,"menu_order":0,"comment_status":"closed","ping_status":"closed","template":"","meta":{"_acf_changed":false,"_seopress_robots_primary_cat":"","_seopress_titles_title":"Louer des bureaux exclusifs \u00e0 la journ\u00e9e : A l'heure ou \u00e0 la journ\u00e9e","_seopress_titles_desc":"Louez votre bureau flexible \u00e0 la journ\u00e9e chez Satellite Office. Avec un service de bureau et des salles de conf\u00e9rence sur place. ","_seopress_robots_index":"","footnotes":""},"class_list":["post-183857","page","type-page","status-publish","has-post-thumbnail","hentry"],"acf":[],"_links":{"self":[{"href":"https:\/\/www.satellite-office.com\/fr-ch\/wp-json\/wp\/v2\/pages\/183857","targetHints":{"allow":["GET"]}}],"collection":[{"href":"https:\/\/www.satellite-office.com\/fr-ch\/wp-json\/wp\/v2\/pages"}],"about":[{"href":"https:\/\/www.satellite-office.com\/fr-ch\/wp-json\/wp\/v2\/types\/page"}],"author":[{"embeddable":true,"href":"https:\/\/www.satellite-office.com\/fr-ch\/wp-json\/wp\/v2\/users\/1"}],"replies":[{"embeddable":true,"href":"https:\/\/www.satellite-office.com\/fr-ch\/wp-json\/wp\/v2\/comments?post=183857"}],"version-history":[{"count":0,"href":"https:\/\/www.satellite-office.com\/fr-ch\/wp-json\/wp\/v2\/pages\/183857\/revisions"}],"wp:featuredmedia":[{"embeddable":true,"href":"https:\/\/www.satellite-office.com\/fr-ch\/wp-json\/wp\/v2\/media\/183862"}],"wp:attachment":[{"href":"https:\/\/www.satellite-office.com\/fr-ch\/wp-json\/wp\/v2\/media?parent=183857"}],"curies":[{"name":"wp","href":"https:\/\/api.w.org\/{rel}","templated":true}]}}