{"id":186254,"date":"2025-05-30T05:19:24","date_gmt":"2025-05-30T03:19:24","guid":{"rendered":"https:\/\/www.satellite-office.com\/awards\/"},"modified":"2025-10-22T17:24:03","modified_gmt":"2025-10-22T15:24:03","slug":"awards","status":"publish","type":"page","link":"https:\/\/www.satellite-office.com\/fr-ch\/awards\/","title":{"rendered":"R\u00e9compenses"},"content":{"rendered":"","protected":false},"excerpt":{"rendered":"","protected":false},"author":1,"featured_media":186257,"parent":0,"menu_order":0,"comment_status":"closed","ping_status":"closed","template":"","meta":{"_acf_changed":false,"_seopress_robots_primary_cat":"","_seopress_titles_title":"Satellite Office Awards - Design prim\u00e9 & service excellent","_seopress_titles_desc":"Plusieurs fois r\u00e9compens\u00e9 pour le design, le service & la durabilit\u00e9. D\u00e9couvrez les r\u00e9compenses de Satellite Office. ","_seopress_robots_index":"","footnotes":""},"class_list":["post-186254","page","type-page","status-publish","has-post-thumbnail","hentry"],"acf":[],"_links":{"self":[{"href":"https:\/\/www.satellite-office.com\/fr-ch\/wp-json\/wp\/v2\/pages\/186254","targetHints":{"allow":["GET"]}}],"collection":[{"href":"https:\/\/www.satellite-office.com\/fr-ch\/wp-json\/wp\/v2\/pages"}],"about":[{"href":"https:\/\/www.satellite-office.com\/fr-ch\/wp-json\/wp\/v2\/types\/page"}],"author":[{"embeddable":true,"href":"https:\/\/www.satellite-office.com\/fr-ch\/wp-json\/wp\/v2\/users\/1"}],"replies":[{"embeddable":true,"href":"https:\/\/www.satellite-office.com\/fr-ch\/wp-json\/wp\/v2\/comments?post=186254"}],"version-history":[{"count":0,"href":"https:\/\/www.satellite-office.com\/fr-ch\/wp-json\/wp\/v2\/pages\/186254\/revisions"}],"wp:featuredmedia":[{"embeddable":true,"href":"https:\/\/www.satellite-office.com\/fr-ch\/wp-json\/wp\/v2\/media\/186257"}],"wp:attachment":[{"href":"https:\/\/www.satellite-office.com\/fr-ch\/wp-json\/wp\/v2\/media?parent=186254"}],"curies":[{"name":"wp","href":"https:\/\/api.w.org\/{rel}","templated":true}]}}