{"id":186328,"date":"2025-06-04T17:03:34","date_gmt":"2025-06-04T15:03:34","guid":{"rendered":"https:\/\/www.satellite-office.com\/presse\/"},"modified":"2025-10-30T16:12:01","modified_gmt":"2025-10-30T15:12:01","slug":"presse","status":"publish","type":"page","link":"https:\/\/www.satellite-office.com\/fr-ch\/entreprise\/presse\/","title":{"rendered":"Presse"},"content":{"rendered":"\n<h1>\n\t\t\tPresse\t<\/h1>\n\tWir haben gute<br \/>\nNachrichten f\u00fcr Sie\n\t<p>Satellite Office h\u00e4lt Sie auf dem Laufenden<\/p>\n\t<p>In Sachen Pressemitteilungen haben wir eine alte Gewohnheit: immer auf dem neuesten Stand sein. Lesen Sie hier alle Mitteilungen und Neuigkeiten \u00fcber flexiblen Workspace der Zukunft.<\/p>\n  <!--<img decoding=\"async\" src=\"https:\/\/www.satellite-office.com\/wp-content\/uploads\/2025\/05\/Duesseldorf.jpg\" alt=\"\"\/>-->\n        Thorsten Karras\n        Head of Marketing\n+49 30 700 140 195        \n          karras@satelliteoffice.de\n\t\t\t<a href=\"https:\/\/acrobat.adobe.com\/id\/urn:aaid:sc:EU:5a6eb52e-8d74-46de-9dc9-09209410b4c3\" target=\"_blank\" rel=\"noopener\">\n\t\t\t\t\t\t\tPressespiegel herunterladen\n\t\t\t\t\t<\/a>\n\t<meta itemscope itemprop=\"mainEntityOfPage\" itemtype=\"https:\/\/schema.org\/WebPage\" itemid=\"http:\/\/4008\" content=\"Breaking News: Villa Goethe - Satellite Office startet neue \u00c4ra f\u00fcr Premium Workspaces in M\u00fcnchen\" \/><meta itemprop=\"datePublished\" content=\"2025-05-27\" \/><meta itemprop=\"dateModified\" content=\"2025-05-30\" \/><meta itemprop=\"name\" content=\"Satellite Office \"\/><meta itemprop=\"url\" content=\"https:\/\/www.satellite-office.com\/author\/nicolas\/\" \/><meta itemprop=\"name\" content=\"Nicolas Gneist\" \/><meta itemprop=\"url\" content=\"https:\/\/www.satellite-office.com\/wp-content\/uploads\/2025\/05\/goethe.webp\" \/><meta itemprop=\"width\" content=\"1920\" \/><meta itemprop=\"height\" content=\"1429\" \/><meta itemprop=\"interactionType\" content=\"https:\/\/schema.org\/CommentAction\" \/><meta itemprop=\"userInteractionCount\" content=\"0\" \/><a href=\"https:\/\/www.satellite-office.com\/ratgeber\/breaking-news-satellite-office-expandiert-in-muenchen-trotz-bueroflaechenmangels\/\">\n      <img decoding=\"async\" src=\"https:\/\/www.satellite-office.com\/wp-content\/uploads\/2025\/05\/goethe-1024x762.webp\"\/>\n          Breaking News: Villa Goethe &#8211; Satellite Office startet neue \u00c4ra f\u00fcr Premium Workspaces in M\u00fcnchen\n          \n            <img decoding=\"async\" src=\"\/wp-content\/uploads\/2025\/03\/Size24-Typechevron-right-small.svg\" width=\"16\" height=\"16\"\/>\n          Lesezeit: 3 Minuten\n          \n<\/a>\n\t<meta itemscope itemprop=\"mainEntityOfPage\" itemtype=\"https:\/\/schema.org\/WebPage\" itemid=\"http:\/\/6413\" content=\"SATELLITE OFFICE expandiert in Frankfurt\" \/><meta itemprop=\"datePublished\" content=\"2024-02-22\" \/><meta itemprop=\"dateModified\" content=\"2025-06-11\" \/><meta itemprop=\"name\" content=\"Satellite Office \"\/><meta itemprop=\"url\" content=\"https:\/\/www.satellite-office.com\/author\/nicolas\/\" \/><meta itemprop=\"name\" content=\"Nicolas Gneist\" \/><meta itemprop=\"url\" content=\"https:\/\/www.satellite-office.com\/wp-content\/uploads\/2025\/06\/DSC_9239-Verbessert-RR_bearbeitet.webp\" \/><meta itemprop=\"width\" content=\"2560\" \/><meta itemprop=\"height\" content=\"1708\" \/><meta itemprop=\"interactionType\" content=\"https:\/\/schema.org\/CommentAction\" \/><meta itemprop=\"userInteractionCount\" content=\"0\" \/><a href=\"https:\/\/www.satellite-office.com\/ratgeber\/satellite-office-expandiert-in-frankfurt\/\">\n      <img decoding=\"async\" src=\"https:\/\/www.satellite-office.com\/wp-content\/uploads\/2025\/06\/DSC_9239-Verbessert-RR_bearbeitet-1024x683.webp\"\/>\n          SATELLITE OFFICE expandiert in Frankfurt\n          \n            <img decoding=\"async\" src=\"\/wp-content\/uploads\/2025\/03\/Size24-Typechevron-right-small.svg\" width=\"16\" height=\"16\"\/>\n          Lesezeit: 2 Minuten\n          \n<\/a>\n\t<meta itemscope itemprop=\"mainEntityOfPage\" itemtype=\"https:\/\/schema.org\/WebPage\" itemid=\"http:\/\/6403\" content=\"Satellite Office Stuttgart mit Grand Opening Party offiziell er\u00f6ffnet\" \/><meta itemprop=\"datePublished\" content=\"2023-07-04\" \/><meta itemprop=\"dateModified\" content=\"2025-06-11\" \/><meta itemprop=\"name\" content=\"Satellite Office \"\/><meta itemprop=\"url\" content=\"https:\/\/www.satellite-office.com\/author\/nicolas\/\" \/><meta itemprop=\"name\" content=\"Nicolas Gneist\" \/><meta itemprop=\"url\" content=\"https:\/\/www.satellite-office.com\/wp-content\/uploads\/2025\/03\/STUTT_Bearbeitet_2560x170610.webp\" \/><meta itemprop=\"width\" content=\"2560\" \/><meta itemprop=\"height\" content=\"1708\" \/><meta itemprop=\"interactionType\" content=\"https:\/\/schema.org\/CommentAction\" \/><meta itemprop=\"userInteractionCount\" content=\"0\" \/><a href=\"https:\/\/www.satellite-office.com\/ratgeber\/stuttgart-offiziell-eroeffnet\/\">\n      <img decoding=\"async\" src=\"https:\/\/www.satellite-office.com\/wp-content\/uploads\/2025\/03\/STUTT_Bearbeitet_2560x170610-1024x683.webp\"\/>\n          Satellite Office Stuttgart mit Grand Opening Party offiziell er\u00f6ffnet\n          \n            <img decoding=\"async\" src=\"\/wp-content\/uploads\/2025\/03\/Size24-Typechevron-right-small.svg\" width=\"16\" height=\"16\"\/>\n          Lesezeit: 4 Minuten\n          \n<\/a>\n\t<meta itemscope itemprop=\"mainEntityOfPage\" itemtype=\"https:\/\/schema.org\/WebPage\" itemid=\"http:\/\/6394\" content=\"Satellite Offices als Bonus und Lockruf\" \/><meta itemprop=\"datePublished\" content=\"2023-02-24\" \/><meta itemprop=\"dateModified\" content=\"2025-06-11\" \/><meta itemprop=\"name\" content=\"Satellite Office \"\/><meta itemprop=\"url\" content=\"https:\/\/www.satellite-office.com\/author\/nicolas\/\" \/><meta itemprop=\"name\" content=\"Nicolas Gneist\" \/><meta itemprop=\"url\" content=\"https:\/\/www.satellite-office.com\/wp-content\/uploads\/2025\/03\/Meetingraum_Marlene_Dietrich3.webp\" \/><meta itemprop=\"width\" content=\"2560\" \/><meta itemprop=\"height\" content=\"1706\" \/><meta itemprop=\"interactionType\" content=\"https:\/\/schema.org\/CommentAction\" \/><meta itemprop=\"userInteractionCount\" content=\"0\" \/><a href=\"https:\/\/www.satellite-office.com\/ratgeber\/satellite-offices-als-bonus-und-lockruf\/\">\n      <img decoding=\"async\" src=\"https:\/\/www.satellite-office.com\/wp-content\/uploads\/2025\/03\/Meetingraum_Marlene_Dietrich3-1024x682.webp\"\/>\n          Satellite Offices als Bonus und Lockruf\n          \n            <img decoding=\"async\" src=\"\/wp-content\/uploads\/2025\/03\/Size24-Typechevron-right-small.svg\" width=\"16\" height=\"16\"\/>\n          Lesezeit: 3 Minuten\n          \n<\/a>\n\t<meta itemscope itemprop=\"mainEntityOfPage\" itemtype=\"https:\/\/schema.org\/WebPage\" itemid=\"http:\/\/6372\" content=\"In Genf er\u00f6ffnet ein Satellite Office\" \/><meta itemprop=\"datePublished\" content=\"2022-11-30\" \/><meta itemprop=\"dateModified\" content=\"2025-06-11\" \/><meta itemprop=\"name\" content=\"Satellite Office \"\/><meta itemprop=\"url\" content=\"https:\/\/www.satellite-office.com\/author\/nicolas\/\" \/><meta itemprop=\"name\" content=\"Nicolas Gneist\" \/><meta itemprop=\"url\" content=\"https:\/\/www.satellite-office.com\/wp-content\/uploads\/2025\/06\/genf-1024x814-1.webp\" \/><meta itemprop=\"width\" content=\"1024\" \/><meta itemprop=\"height\" content=\"814\" \/><meta itemprop=\"interactionType\" content=\"https:\/\/schema.org\/CommentAction\" \/><meta itemprop=\"userInteractionCount\" content=\"0\" \/><a href=\"https:\/\/www.satellite-office.com\/ratgeber\/in-genf-eroeffnet-ein-satellite-office\/\">\n      <img decoding=\"async\" src=\"https:\/\/www.satellite-office.com\/wp-content\/uploads\/2025\/06\/genf-1024x814-1.webp\"\/>\n          In Genf er\u00f6ffnet ein Satellite Office\n          \n            <img decoding=\"async\" src=\"\/wp-content\/uploads\/2025\/03\/Size24-Typechevron-right-small.svg\" width=\"16\" height=\"16\"\/>\n          Lesezeit: 3 Minuten\n          \n<\/a>\n\t<meta itemscope itemprop=\"mainEntityOfPage\" itemtype=\"https:\/\/schema.org\/WebPage\" itemid=\"http:\/\/6362\" content=\"Roter Teppich in Berlin: 25 Jahre\u00a0Satellite Office\" \/><meta itemprop=\"datePublished\" content=\"2022-09-21\" \/><meta itemprop=\"dateModified\" content=\"2025-06-11\" \/><meta itemprop=\"name\" content=\"Satellite Office \"\/><meta itemprop=\"url\" content=\"https:\/\/www.satellite-office.com\/author\/nicolas\/\" \/><meta itemprop=\"name\" content=\"Nicolas Gneist\" \/><meta itemprop=\"url\" content=\"https:\/\/www.satellite-office.com\/wp-content\/uploads\/2025\/06\/Roter-Teppich-am-Ku-damm-194_Anita-Goediker-begruesst-Gaeste-aus-der-Schweiz.webp\" \/><meta itemprop=\"width\" content=\"1138\" \/><meta itemprop=\"height\" content=\"752\" \/><meta itemprop=\"interactionType\" content=\"https:\/\/schema.org\/CommentAction\" \/><meta itemprop=\"userInteractionCount\" content=\"0\" \/><a href=\"https:\/\/www.satellite-office.com\/ratgeber\/roter-teppich-in-berlin-25-jahre-satellite-office\/\">\n      <img decoding=\"async\" src=\"https:\/\/www.satellite-office.com\/wp-content\/uploads\/2025\/06\/Roter-Teppich-am-Ku-damm-194_Anita-Goediker-begruesst-Gaeste-aus-der-Schweiz-1024x677.webp\"\/>\n          Roter Teppich in Berlin: 25 Jahre\u00a0Satellite Office\n          \n            <img decoding=\"async\" src=\"\/wp-content\/uploads\/2025\/03\/Size24-Typechevron-right-small.svg\" width=\"16\" height=\"16\"\/>\n          Lesezeit: 3 Minuten\n          \n<\/a>\n\t<meta itemscope itemprop=\"mainEntityOfPage\" itemtype=\"https:\/\/schema.org\/WebPage\" itemid=\"http:\/\/6325\" content=\"Satellite Office\u00a0Z\u00fcrich geh\u00f6rt offiziell zu den sch\u00f6nsten Meetinglocations der Schweiz\" \/><meta itemprop=\"datePublished\" content=\"2022-06-23\" \/><meta itemprop=\"dateModified\" content=\"2025-06-11\" \/><meta itemprop=\"name\" content=\"Satellite Office \"\/><meta itemprop=\"url\" content=\"https:\/\/www.satellite-office.com\/author\/nicolas\/\" \/><meta itemprop=\"name\" content=\"Nicolas Gneist\" \/><meta itemprop=\"url\" content=\"https:\/\/www.satellite-office.com\/wp-content\/uploads\/2025\/06\/Bild0001-1024x680-1.webp\" \/><meta itemprop=\"width\" content=\"1024\" \/><meta itemprop=\"height\" content=\"680\" \/><meta itemprop=\"interactionType\" content=\"https:\/\/schema.org\/CommentAction\" \/><meta itemprop=\"userInteractionCount\" content=\"0\" \/><a href=\"https:\/\/www.satellite-office.com\/unternehmen\/presse\/satellite-office-zuerich-gehoert-offiziell-zu-den-schoensten-meetinglocations-der-schweiz\/\">\n      <img decoding=\"async\" src=\"https:\/\/www.satellite-office.com\/wp-content\/uploads\/2025\/06\/Bild0001-1024x680-1.webp\"\/>\n          Satellite Office\u00a0Z\u00fcrich geh\u00f6rt offiziell zu den sch\u00f6nsten Meetinglocations der Schweiz\n          \n            <img decoding=\"async\" src=\"\/wp-content\/uploads\/2025\/03\/Size24-Typechevron-right-small.svg\" width=\"16\" height=\"16\"\/>\n          Lesezeit: 3 Minuten\n          \n<\/a>\n\t<meta itemscope itemprop=\"mainEntityOfPage\" itemtype=\"https:\/\/schema.org\/WebPage\" itemid=\"http:\/\/6316\" content=\"Satellite Office Frankfurt: Auszeichnung &#8222;Best Workspaces 2022&#8220; \u00a0\" \/><meta itemprop=\"datePublished\" content=\"2022-03-23\" \/><meta itemprop=\"dateModified\" content=\"2025-06-11\" \/><meta itemprop=\"name\" content=\"Satellite Office \"\/><meta itemprop=\"url\" content=\"https:\/\/www.satellite-office.com\/author\/nicolas\/\" \/><meta itemprop=\"name\" content=\"Nicolas Gneist\" \/><meta itemprop=\"url\" content=\"https:\/\/www.satellite-office.com\/wp-content\/uploads\/2025\/03\/FOP-50.webp\" \/><meta itemprop=\"width\" content=\"2560\" \/><meta itemprop=\"height\" content=\"1706\" \/><meta itemprop=\"interactionType\" content=\"https:\/\/schema.org\/CommentAction\" \/><meta itemprop=\"userInteractionCount\" content=\"0\" \/><a href=\"https:\/\/www.satellite-office.com\/ratgeber\/satellite-office-frankfurt-auszeichnung-best-workspaces-2022\/\">\n      <img decoding=\"async\" src=\"https:\/\/www.satellite-office.com\/wp-content\/uploads\/2025\/03\/FOP-50-1024x682.webp\"\/>\n          Satellite Office Frankfurt: Auszeichnung &#8222;Best Workspaces 2022&#8220; \u00a0\n          \n            <img decoding=\"async\" src=\"\/wp-content\/uploads\/2025\/03\/Size24-Typechevron-right-small.svg\" width=\"16\" height=\"16\"\/>\n          Lesezeit: 3 Minuten\n          \n<\/a>\n\t<meta itemscope itemprop=\"mainEntityOfPage\" itemtype=\"https:\/\/schema.org\/WebPage\" itemid=\"http:\/\/6307\" content=\"Expansion bei Satellite Office: Satellite Office er\u00f6ffnet 2022 neuen Standort in Genf, Schweiz\" \/><meta itemprop=\"datePublished\" content=\"2022-01-13\" \/><meta itemprop=\"dateModified\" content=\"2025-06-11\" \/><meta itemprop=\"name\" content=\"Satellite Office \"\/><meta itemprop=\"url\" content=\"https:\/\/www.satellite-office.com\/author\/nicolas\/\" \/><meta itemprop=\"name\" content=\"Nicolas Gneist\" \/><meta itemprop=\"url\" content=\"https:\/\/www.satellite-office.com\/wp-content\/uploads\/2025\/03\/2022-11-28-DSC04438.webp\" \/><meta itemprop=\"width\" content=\"2560\" \/><meta itemprop=\"height\" content=\"1706\" \/><meta itemprop=\"interactionType\" content=\"https:\/\/schema.org\/CommentAction\" \/><meta itemprop=\"userInteractionCount\" content=\"0\" \/><a href=\"https:\/\/www.satellite-office.com\/ratgeber\/expansion-bei-satellite-office-satellite-office-eroeffnet-2022-neuen-standort-in-genf-schweiz\/\">\n      <img decoding=\"async\" src=\"https:\/\/www.satellite-office.com\/wp-content\/uploads\/2025\/03\/2022-11-28-DSC04438-1024x682.webp\"\/>\n          Expansion bei Satellite Office: Satellite Office er\u00f6ffnet 2022 neuen Standort in Genf, Schweiz\n          \n            <img decoding=\"async\" src=\"\/wp-content\/uploads\/2025\/03\/Size24-Typechevron-right-small.svg\" width=\"16\" height=\"16\"\/>\n          Lesezeit: 3 Minuten\n          \n<\/a>\n\t<meta itemscope itemprop=\"mainEntityOfPage\" itemtype=\"https:\/\/schema.org\/WebPage\" itemid=\"http:\/\/6302\" content=\"Der neue Flexible Workspace &#8222;KUD15 Gloria Berlin&#8220; von Satellite Office steht kurz vor der Er\u00f6ffnung\" \/><meta itemprop=\"datePublished\" content=\"2020-12-18\" \/><meta itemprop=\"dateModified\" content=\"2025-06-11\" \/><meta itemprop=\"name\" content=\"Satellite Office \"\/><meta itemprop=\"url\" content=\"https:\/\/www.satellite-office.com\/author\/nicolas\/\" \/><meta itemprop=\"name\" content=\"Nicolas Gneist\" \/><meta itemprop=\"url\" content=\"https:\/\/www.satellite-office.com\/wp-content\/uploads\/2025\/03\/Aussenansicht_3.webp\" \/><meta itemprop=\"width\" content=\"2560\" \/><meta itemprop=\"height\" content=\"1706\" \/><meta itemprop=\"interactionType\" content=\"https:\/\/schema.org\/CommentAction\" \/><meta itemprop=\"userInteractionCount\" content=\"0\" \/><a href=\"https:\/\/www.satellite-office.com\/ratgeber\/der-neue-flexible-workspace-kud15-gloria-berlin-von-satellite-office-steht-kurz-vor-der-eroeffnung\/\">\n      <img decoding=\"async\" src=\"https:\/\/www.satellite-office.com\/wp-content\/uploads\/2025\/03\/Aussenansicht_3-1024x682.webp\"\/>\n          Der neue Flexible Workspace &#8222;KUD15 Gloria Berlin&#8220; von Satellite Office steht kurz vor der Er\u00f6ffnung\n          \n            <img decoding=\"async\" src=\"\/wp-content\/uploads\/2025\/03\/Size24-Typechevron-right-small.svg\" width=\"16\" height=\"16\"\/>\n          Lesezeit: 3 Minuten\n          \n<\/a>\n\t<meta itemscope itemprop=\"mainEntityOfPage\" itemtype=\"https:\/\/schema.org\/WebPage\" itemid=\"http:\/\/6289\" content=\"Erster Workspace f\u00fcr die Finanzbranche \u00f6ffnet in Hamburg\" \/><meta itemprop=\"datePublished\" content=\"2020-09-14\" \/><meta itemprop=\"dateModified\" content=\"2025-06-11\" \/><meta itemprop=\"name\" content=\"Satellite Office \"\/><meta itemprop=\"url\" content=\"https:\/\/www.satellite-office.com\/author\/nicolas\/\" \/><meta itemprop=\"name\" content=\"Nicolas Gneist\" \/><meta itemprop=\"url\" content=\"https:\/\/www.satellite-office.com\/wp-content\/uploads\/2025\/03\/Counter_2_Etage_2.webp\" \/><meta itemprop=\"width\" content=\"2560\" \/><meta itemprop=\"height\" content=\"1706\" \/><meta itemprop=\"interactionType\" content=\"https:\/\/schema.org\/CommentAction\" \/><meta itemprop=\"userInteractionCount\" content=\"0\" \/><a href=\"https:\/\/www.satellite-office.com\/ratgeber\/erster-workspace-fuer-die-finanzbranche-oeffnet-in-hamburg\/\">\n      <img decoding=\"async\" src=\"https:\/\/www.satellite-office.com\/wp-content\/uploads\/2025\/03\/Counter_2_Etage_2-1024x682.webp\"\/>\n          Erster Workspace f\u00fcr die Finanzbranche \u00f6ffnet in Hamburg\n          \n            <img decoding=\"async\" src=\"\/wp-content\/uploads\/2025\/03\/Size24-Typechevron-right-small.svg\" width=\"16\" height=\"16\"\/>\n          Lesezeit: 4 Minuten\n          \n<\/a>\n\t<meta itemscope itemprop=\"mainEntityOfPage\" itemtype=\"https:\/\/schema.org\/WebPage\" itemid=\"http:\/\/6279\" content=\"Satellite Office expandiert weiter\" \/><meta itemprop=\"datePublished\" content=\"2020-09-14\" \/><meta itemprop=\"dateModified\" content=\"2025-06-11\" \/><meta itemprop=\"name\" content=\"Satellite Office \"\/><meta itemprop=\"url\" content=\"https:\/\/www.satellite-office.com\/author\/nicolas\/\" \/><meta itemprop=\"name\" content=\"Nicolas Gneist\" \/><meta itemprop=\"url\" content=\"https:\/\/www.satellite-office.com\/wp-content\/uploads\/2025\/03\/Aussenansicht_Logo.webp\" \/><meta itemprop=\"width\" content=\"2560\" \/><meta itemprop=\"height\" content=\"1706\" \/><meta itemprop=\"interactionType\" content=\"https:\/\/schema.org\/CommentAction\" \/><meta itemprop=\"userInteractionCount\" content=\"0\" \/><a href=\"https:\/\/www.satellite-office.com\/ratgeber\/satellite-office-expandiert-weiter\/\">\n      <img decoding=\"async\" src=\"https:\/\/www.satellite-office.com\/wp-content\/uploads\/2025\/03\/Aussenansicht_Logo-1024x682.webp\"\/>\n          Satellite Office expandiert weiter\n          \n            <img decoding=\"async\" src=\"\/wp-content\/uploads\/2025\/03\/Size24-Typechevron-right-small.svg\" width=\"16\" height=\"16\"\/>\n          Lesezeit: 3 Minuten\n          \n<\/a>\n\t\t\t\t\t<a href=\"#\">\n\t\t\t\t\tWeitere Beitr\u00e4ge\n\t\t\t\t\t<img decoding=\"async\" src=\"https:\/\/www.satellite-office.com\/wp-content\/plugins\/bbpowerpack\/assets\/images\/spinner.gif\" alt=\"loader\" \/><\/a>\n\t\t<!-- .pp-content-posts -->\n\n","protected":false},"excerpt":{"rendered":"<p>Presse Wir haben gute Nachrichten f\u00fcr Sie Satellite Office h\u00e4lt Sie auf dem Laufenden In Sachen Pressemitteilungen haben wir eine alte Gewohnheit: immer auf dem neuesten Stand sein. Lesen Sie hier alle Mitteilungen und Neuigkeiten \u00fcber flexiblen Workspace der Zukunft. Thorsten Karras Head of Marketing +49 30 700 140 195 karras@satelliteoffice.de Pressespiegel herunterladen Breaking News:&hellip;<\/p>\n","protected":false},"author":1,"featured_media":186311,"parent":186330,"menu_order":0,"comment_status":"closed","ping_status":"closed","template":"","meta":{"_acf_changed":false,"_seopress_robots_primary_cat":"","_seopress_titles_title":"Espace presse - Satellite Office dans les m\u00e9dias","_seopress_titles_desc":"Communiqu\u00e9s de presse, articles de presse et images de Satellite Office. Les derni\u00e8res informations pour les journalistes et les partenaires m\u00e9dias. D\u00e9couvrez maintenant !  ","_seopress_robots_index":"","footnotes":""},"class_list":["post-186328","page","type-page","status-publish","has-post-thumbnail","hentry"],"acf":[],"_links":{"self":[{"href":"https:\/\/www.satellite-office.com\/fr-ch\/wp-json\/wp\/v2\/pages\/186328","targetHints":{"allow":["GET"]}}],"collection":[{"href":"https:\/\/www.satellite-office.com\/fr-ch\/wp-json\/wp\/v2\/pages"}],"about":[{"href":"https:\/\/www.satellite-office.com\/fr-ch\/wp-json\/wp\/v2\/types\/page"}],"author":[{"embeddable":true,"href":"https:\/\/www.satellite-office.com\/fr-ch\/wp-json\/wp\/v2\/users\/1"}],"replies":[{"embeddable":true,"href":"https:\/\/www.satellite-office.com\/fr-ch\/wp-json\/wp\/v2\/comments?post=186328"}],"version-history":[{"count":0,"href":"https:\/\/www.satellite-office.com\/fr-ch\/wp-json\/wp\/v2\/pages\/186328\/revisions"}],"up":[{"embeddable":true,"href":"https:\/\/www.satellite-office.com\/fr-ch\/wp-json\/wp\/v2\/pages\/186330"}],"wp:featuredmedia":[{"embeddable":true,"href":"https:\/\/www.satellite-office.com\/fr-ch\/wp-json\/wp\/v2\/media\/186311"}],"wp:attachment":[{"href":"https:\/\/www.satellite-office.com\/fr-ch\/wp-json\/wp\/v2\/media?parent=186328"}],"curies":[{"name":"wp","href":"https:\/\/api.w.org\/{rel}","templated":true}]}}