{"id":184836,"date":"2025-03-10T10:08:46","date_gmt":"2025-03-10T09:08:46","guid":{"rendered":"https:\/\/www.satellite-office.com\/standorte\/"},"modified":"2025-11-07T15:21:54","modified_gmt":"2025-11-07T14:21:54","slug":"sites","status":"publish","type":"page","link":"https:\/\/www.satellite-office.com\/fr-it\/sites\/","title":{"rendered":"Sites"},"content":{"rendered":"","protected":false},"excerpt":{"rendered":"","protected":false},"author":1,"featured_media":184837,"parent":0,"menu_order":0,"comment_status":"closed","ping_status":"closed","template":"","meta":{"_acf_changed":false,"_seopress_robots_primary_cat":"","_seopress_titles_title":"Sites Satellite Office - Des centres d'affaires haut de gamme dans des emplacements de choix","_seopress_titles_desc":"D\u00e9couvrez des sites Satellite Office exclusifs en Europe : bureaux, salles de r\u00e9union & adresses commerciales \u00e0 des adresses prestigieuses. Voir maintenant ! ","_seopress_robots_index":"","footnotes":""},"class_list":["post-184836","page","type-page","status-publish","has-post-thumbnail","hentry"],"acf":[],"_links":{"self":[{"href":"https:\/\/www.satellite-office.com\/fr-it\/wp-json\/wp\/v2\/pages\/184836","targetHints":{"allow":["GET"]}}],"collection":[{"href":"https:\/\/www.satellite-office.com\/fr-it\/wp-json\/wp\/v2\/pages"}],"about":[{"href":"https:\/\/www.satellite-office.com\/fr-it\/wp-json\/wp\/v2\/types\/page"}],"author":[{"embeddable":true,"href":"https:\/\/www.satellite-office.com\/fr-it\/wp-json\/wp\/v2\/users\/1"}],"replies":[{"embeddable":true,"href":"https:\/\/www.satellite-office.com\/fr-it\/wp-json\/wp\/v2\/comments?post=184836"}],"version-history":[{"count":0,"href":"https:\/\/www.satellite-office.com\/fr-it\/wp-json\/wp\/v2\/pages\/184836\/revisions"}],"wp:featuredmedia":[{"embeddable":true,"href":"https:\/\/www.satellite-office.com\/fr-it\/wp-json\/wp\/v2\/media\/184837"}],"wp:attachment":[{"href":"https:\/\/www.satellite-office.com\/fr-it\/wp-json\/wp\/v2\/media?parent=184836"}],"curies":[{"name":"wp","href":"https:\/\/api.w.org\/{rel}","templated":true}]}}