{"id":186266,"date":"2025-05-30T05:12:29","date_gmt":"2025-05-30T03:12:29","guid":{"rendered":"https:\/\/www.satellite-office.com\/anita-goediker\/"},"modified":"2025-09-05T09:44:55","modified_gmt":"2025-09-05T07:44:55","slug":"anita-goediker","status":"publish","type":"page","link":"https:\/\/www.satellite-office.com\/fr-it\/anita-goediker\/","title":{"rendered":"Anita G\u00f6diker"},"content":{"rendered":"","protected":false},"excerpt":{"rendered":"","protected":false},"author":1,"featured_media":186269,"parent":0,"menu_order":0,"comment_status":"closed","ping_status":"closed","template":"","meta":{"_acf_changed":false,"_seopress_robots_primary_cat":"","_seopress_titles_title":"Anita G\u00f6diker - Satellite Office","_seopress_titles_desc":"En 1997, elle a eu une id\u00e9e imparable : \u00e9tablir des centres d'affaires, de coworking et de conf\u00e9rence haut de gamme aux meilleures adresses des m\u00e9tropoles.","_seopress_robots_index":"","footnotes":""},"class_list":["post-186266","page","type-page","status-publish","has-post-thumbnail","hentry"],"acf":[],"_links":{"self":[{"href":"https:\/\/www.satellite-office.com\/fr-it\/wp-json\/wp\/v2\/pages\/186266","targetHints":{"allow":["GET"]}}],"collection":[{"href":"https:\/\/www.satellite-office.com\/fr-it\/wp-json\/wp\/v2\/pages"}],"about":[{"href":"https:\/\/www.satellite-office.com\/fr-it\/wp-json\/wp\/v2\/types\/page"}],"author":[{"embeddable":true,"href":"https:\/\/www.satellite-office.com\/fr-it\/wp-json\/wp\/v2\/users\/1"}],"replies":[{"embeddable":true,"href":"https:\/\/www.satellite-office.com\/fr-it\/wp-json\/wp\/v2\/comments?post=186266"}],"version-history":[{"count":0,"href":"https:\/\/www.satellite-office.com\/fr-it\/wp-json\/wp\/v2\/pages\/186266\/revisions"}],"wp:featuredmedia":[{"embeddable":true,"href":"https:\/\/www.satellite-office.com\/fr-it\/wp-json\/wp\/v2\/media\/186269"}],"wp:attachment":[{"href":"https:\/\/www.satellite-office.com\/fr-it\/wp-json\/wp\/v2\/media?parent=186266"}],"curies":[{"name":"wp","href":"https:\/\/api.w.org\/{rel}","templated":true}]}}