{"id":183697,"date":"2025-07-02T10:47:21","date_gmt":"2025-07-02T08:47:21","guid":{"rendered":"https:\/\/www.satellite-office.com\/genf\/"},"modified":"2026-02-17T15:44:48","modified_gmt":"2026-02-17T14:44:48","slug":"ginevra","status":"publish","type":"page","link":"https:\/\/www.satellite-office.com\/it-it\/ufficio-giornaliero\/ginevra\/","title":{"rendered":"Ufficio a giornata Ginevra"},"content":{"rendered":"\n<h1>\n\t\t\tTagesb\u00fcro in <br \/>Genf mieten\t<\/h1>\n    Genf\n<h2>\n\t\t\tIhr Tagesb\u00fcro in D\u00fcsseldorf &#8211;<br \/> Stunden- und Tagesweise mietbar\t<\/h2>\n\t\t\t<a href=\"\" role=\"button\" target=\"_self\" onclick=\"\">\n\t\t\t\t\t\t\t\t\t\t\t\t\t\t\t\t\t\t\t\t\t\tBrosch\u00fcre\n\t\t\t\t\t\t\t<\/a>\n\t\t\t<a href=\"#kontakt\" role=\"button\" target=\"_self\" onclick=\"\">\n\t\t\t\t\t\t\t\t\t\t\t\t\t\t\t\t\t\t\t\t\t\tAngebot anfordern\n\t\t\t\t\t\t\t<\/a>\n        Flexible B\u00fcros &#8211; mieten Sie stunden- oder tageweise, ganz ohne langfristige Bindung      \n        Erstklassiger Standort in Genf: H\u00f4tel de Banque &#8211; Rue de la Corraterie 5      \n        Tagessuiten f\u00fcr mehr Repr\u00e4sentanz &#8211; mit zus\u00e4tzlichem Platz und Meeting-M\u00f6glichkeit      \n        B\u00fcroservice: Telefonservice. Postannahme und entsprechende Weiterleitung      \n        Stilvolles Arbeiten &#8211; pureSilent\u00ae-Designkonzept f\u00fcr maximale Ruhe und Konzentration      \n\t<p><strong>Tagesb\u00fcro in Genf mieten &#8211; Ihr B\u00fcro auf Zeit im H\u00f4tel de Banque<\/strong><\/p>\n<p>Sie suchen einen <strong>repr\u00e4sentativen Arbeitsplatz f\u00fcr einen Tag<\/strong>? Mit unseren <strong>Tagesb\u00fcros und Tagessuiten in Genf<\/strong> im historischen <strong>H\u00f4tel de Banque an der Rue de la Corraterie 5<\/strong> genie\u00dfen Sie maximale Flexibilit\u00e4t &#8211; ohne langfristige Verpflichtungen. Ideal f\u00fcr fokussiertes Arbeiten, vertrauliche Kundengespr\u00e4che oder als B\u00fcro auf Zeit w\u00e4hrend Ihrer Gesch\u00e4ftsreise: Satellite Office bietet Ihnen elegante R\u00fcckzugsorte in einer der exklusivsten Adressen der Schweiz.<\/p>\n<p>Unsere <strong>Tagesb\u00fcros in Genf<\/strong> sind modern eingerichtet, sofort einsatzbereit und technisch bestens ausgestattet &#8211; perfekt f\u00fcr einen produktiven Arbeitstag. Wenn Sie mehr Platz und ein besonders exklusives Ambiente w\u00fcnschen, sind unsere gro\u00dfz\u00fcgigen <strong>Tagessuiten<\/strong> die richtige Wahl. Sie verf\u00fcgen zus\u00e4tzlich \u00fcber einen stilvollen Besuchertisch, der sich ideal f\u00fcr kleine Meetings, Workshops oder diskrete Besprechungen eignet.<\/p>\n<p>Mit einem <strong>Tagesb\u00fcro in Genf<\/strong> bleiben Sie flexibel: Ob Sie ein <strong>B\u00fcro stundenweise mieten<\/strong> oder ganzt\u00e4gig nutzen m\u00f6chten &#8211; bei Satellite Office entscheiden Sie selbst.<\/p>\n                    <img decoding=\"async\" src=\"https:\/\/www.satellite-office.com\/wp-content\/uploads\/2025\/03\/2022-11-29-DSC04771.webp\" alt=\"Gallery Image\"\/>\n                    <img decoding=\"async\" src=\"https:\/\/www.satellite-office.com\/wp-content\/uploads\/2025\/03\/2022-11-29-DSC04728.webp\" alt=\"Gallery Image\"\/>\n                    <img decoding=\"async\" src=\"https:\/\/www.satellite-office.com\/wp-content\/uploads\/2025\/03\/2022-11-28-DSC04622.webp\" alt=\"Gallery Image\"\/>\n                    <img decoding=\"async\" src=\"https:\/\/www.satellite-office.com\/wp-content\/uploads\/2025\/03\/2022-11-28-DSC04443.webp\" alt=\"Gallery Image\"\/>\n                            <img decoding=\"async\" src=\"https:\/\/www.satellite-office.com\/wp-content\/uploads\/2025\/03\/2022-11-29-DSC04771.webp\" alt=\"Gallery Image\"\/>\n                    <img decoding=\"async\" src=\"https:\/\/www.satellite-office.com\/wp-content\/uploads\/2025\/03\/2022-11-29-DSC04728.webp\" alt=\"Gallery Image\"\/>\n                    <img decoding=\"async\" src=\"https:\/\/www.satellite-office.com\/wp-content\/uploads\/2025\/03\/2022-11-28-DSC04622.webp\" alt=\"Gallery Image\"\/>\n                    <img decoding=\"async\" src=\"https:\/\/www.satellite-office.com\/wp-content\/uploads\/2025\/03\/2022-11-28-DSC04443.webp\" alt=\"Gallery Image\"\/>\n                    <img decoding=\"async\" src=\"https:\/\/www.satellite-office.com\/wp-content\/uploads\/2025\/03\/2022-11-28-DSC04538.webp\" alt=\"Gallery Image\"\/>\n                    <img decoding=\"async\" src=\"https:\/\/www.satellite-office.com\/wp-content\/uploads\/2025\/03\/2022-11-29-DSC04840.webp\" alt=\"Gallery Image\"\/>\n                    <img decoding=\"async\" src=\"https:\/\/www.satellite-office.com\/wp-content\/uploads\/2025\/03\/2022-11-28-7R_05171.webp\" alt=\"Gallery Image\"\/>\n                    <img decoding=\"async\" src=\"https:\/\/www.satellite-office.com\/wp-content\/uploads\/2025\/03\/2022-11-29-DSC04734.webp\" alt=\"Gallery Image\"\/>\n                            <img decoding=\"async\" src=\"https:\/\/www.satellite-office.com\/wp-content\/uploads\/2025\/03\/2022-11-28-DSC04538.webp\" alt=\"Gallery Image\"\/>\n                    <img decoding=\"async\" src=\"https:\/\/www.satellite-office.com\/wp-content\/uploads\/2025\/03\/2022-11-29-DSC04840.webp\" alt=\"Gallery Image\"\/>\n                    <img decoding=\"async\" src=\"https:\/\/www.satellite-office.com\/wp-content\/uploads\/2025\/03\/2022-11-28-7R_05171.webp\" alt=\"Gallery Image\"\/>\n                    <img decoding=\"async\" src=\"https:\/\/www.satellite-office.com\/wp-content\/uploads\/2025\/03\/2022-11-29-DSC04734.webp\" alt=\"Gallery Image\"\/>\n    <!-- Navigation Switch -->\n          Tagesb\u00fcro        \n          Tagessuite        \n    <!-- Card Content -->\n            <!-- Left Arrow -->\n            <button type=\"button\">\n            <\/button>\n            <!-- Right Arrow -->\n            <button type=\"button\">\n            <\/button>\n            <!-- Pagination -->\n              Tagesb\u00fcro\n              Mieten Sie Ihr flexibles B\u00fcro auf Zeit in Genf\n            <p>Sie m\u00f6chten ein <strong>Tagesb\u00fcro in Genf mieten<\/strong> &#8211; flexibel, ruhig und auf h\u00f6chstem Niveau? Unsere Tagesb\u00fcros f\u00fcr 1-2 Personen im historischen <strong>H\u00f4tel de Banque an der Rue de la Corraterie 5<\/strong> bieten Ihnen ein stilvolles Umfeld f\u00fcr konzentriertes Arbeiten: ausgestattet mit exklusivem Designer-Mobiliar und dem preisgekr\u00f6nten pureSilent\u00ae-Raumkonzept. Ideal f\u00fcr vertrauliche Gespr\u00e4che oder als <strong>tempor\u00e4rer Arbeitsplatz &#8211; stunden- oder tageweise, provisionsfrei<\/strong>.Bringen Sie nur Ihren Laptop mit &#8211; um den Rest k\u00fcmmern wir uns. Auf Wunsch stehen Ihnen Telefon- und Postservice, Sekretariatsunterst\u00fctzung sowie erstklassiger Kaffee zur Verf\u00fcgung. F\u00fcr gr\u00f6\u00dfere Runden oder Kundentermine lassen sich zus\u00e4tzlich unsere Sitzungszimmer in Genf flexibel hinzubuchen.<\/p>\n                          <a href=\"#kontakt\">\n                Angebot sichern              <\/a>\n            <!-- Left Arrow -->\n            <button type=\"button\">\n            <\/button>\n            <!-- Right Arrow -->\n            <button type=\"button\">\n            <\/button>\n            <!-- Pagination -->\n              Tagessuite\n              Das exklusive Tagesb\u00fcro der n\u00e4chsten Stufe in Genf\n            <p>Sie suchen ein <strong>exklusives Tagesb\u00fcro in Genf<\/strong> &#8211; gro\u00dfz\u00fcgig, elegant und ideal, um G\u00e4ste stilvoll zu empfangen? Unsere <strong>Tagessuiten im H\u00f4tel de Banque an der Rue de la Corraterie 5<\/strong> sind die Premium-Variante eines <strong>flexiblen B\u00fcros auf Zeit<\/strong>: Sie kombinieren einen hochwertigen Arbeitsplatz mit einem privaten Besprechungstisch f\u00fcr bis zu 4 Personen. Perfekt f\u00fcr <strong>Kundengespr\u00e4che, Bewerbungsgespr\u00e4che oder kleine Meetings<\/strong> &#8211; in einem Ambiente, das Eindruck hinterl\u00e4sst.Genie\u00dfen Sie die besondere Ruhe unseres preisgekr\u00f6nten <strong>pureSilent\u00ae-Designs<\/strong> und erleben Sie pers\u00f6nlichen Service auf h\u00f6chstem Niveau. Ihre <strong>Tagessuite in Genf<\/strong> &#8211; das flexible B\u00fcro, <strong>stunden- oder tageweise provisionsfrei buchbar<\/strong>.<\/p>\n                          <a href=\"#kontakt\">\n                Angebot sichern              <\/a>\n\t    <div class=\"standorte-container\">\n        <div class=\"standorte-switch\">\n            \t\t\t\t<div class=\"standort-switch-item standort-active\" data-location=\"hotel-de-banque\">\n\t\t\t\t\tRue de la Corraterie 5\t\t\t\t<\/div>\n\t\t\t\t        <\/div>\n\n        <div class=\"standorte-cities\">\n                            <div class=\"standort-city-matterport\" data-location=\"hotel-de-banque\" >\n                     <div class=\"brlbs-cmpnt-container brlbs-cmpnt-content-blocker brlbs-cmpnt-with-individual-styles\" data-borlabs-cookie-content-blocker-id=\"default\" data-borlabs-cookie-content=\"PGlmcmFtZSBoZWlnaHQ9JzcwMCcgd2lkdGg9JzEwMCUnIHNyYz0naHR0cHM6Ly9teS5tYXR0ZXJwb3J0LmNvbS9zaG93Lz9tPVpLVVdZUmlVSmp4JyBmcmFtZWJvcmRlcj0nMCcgYWxsb3dmdWxsc2NyZWVuIGFsbG93PSd4ci1zcGF0aWFsLXRyYWNraW5nJz48L2lmcmFtZT4=\"><div class=\"brlbs-cmpnt-cb-preset-a\"> <p class=\"brlbs-cmpnt-cb-description\">Stai visualizzando un contenuto segnaposto da <strong>Predefinito<\/strong>. Per accedere al contenuto effettivo, clicca sul pulsante sottostante. Si prega di notare che in questo modo si condividono i dati con provider di terze parti.<\/p> <div class=\"brlbs-cmpnt-cb-buttons\"> <a class=\"brlbs-cmpnt-cb-btn\" href=\"#\" data-borlabs-cookie-unblock role=\"button\">Sblocca il contenuto<\/a> <a class=\"brlbs-cmpnt-cb-btn\" href=\"#\" data-borlabs-cookie-accept-service role=\"button\" style=\"display: none\">Accetta il servizio richiesto e sblocca i contenuti<\/a> <\/div> <a class=\"brlbs-cmpnt-cb-provider-toggle\" href=\"#\" data-borlabs-cookie-show-provider-information role=\"button\">Ulteriori informazioni<\/a> <\/div><\/div>\n                <\/div>\n                        <\/div>\n    <\/div>\n\n    <script>\n    document.addEventListener('DOMContentLoaded', function () {\n        const switchItems = document.querySelectorAll('.standort-switch-item');\n        const matterportItems = document.querySelectorAll('.standort-city-matterport');\n\n        switchItems.forEach(item => {\n            item.addEventListener('click', () => {\n                const location = item.getAttribute('data-location');\n\n                \/\/ Remove active class from all\n                switchItems.forEach(i => i.classList.remove('standort-active'));\n                matterportItems.forEach(mp => mp.style.display = 'none');\n\n                \/\/ Add active to clicked + show correct iframe\n                item.classList.add('standort-active');\n                const activeMP = document.querySelector(`.standort-city-matterport[data-location=\"${location}\"]`);\n                if (activeMP) activeMP.style.display = '';\n            });\n        });\n    });\n    <\/script>\n    \n<h5>\n\t\t\tWarum Satellite Office?\t<\/h5>\n\t<p>Der Unterschied<\/p>\n<a href=\"https:\/\/www.satellite-office.com\/it-it\/puresilent\/\">\n        <img decoding=\"async\" src=\"https:\/\/b144i76.myrdbx.io\/wp-content\/uploads\/2025\/03\/Size18-Typechevron-right-small.svg\"\/>\n        <p>pureSilent\u00ae<\/p>\n      <p>Wenn Sie sich ruhiges Deep Working w\u00fcnschen, werden Sie von pureSilent\u00ae begeistert sein.<\/p>\n<\/a>\n\t<p>Mit einem <strong>Tagesb\u00fcro in Genf<\/strong> bei Satellite Office entscheiden Sie sich f\u00fcr Exklusivit\u00e4t auf h\u00f6chstem Niveau. Unser Standort im historischen <strong>H\u00f4tel de Banque an der Rue de la Corraterie 5<\/strong> bietet Ihnen nicht nur eine der prestigetr\u00e4chtigsten Adressen der Schweiz, sondern auch ein inspirierendes Umfeld f\u00fcr Ihren gesch\u00e4ftlichen Erfolg.<\/p>\n<p>Dank des preisgekr\u00f6nten <strong>pureSilent\u00ae-Designkonzepts<\/strong> arbeiten Sie in absoluter Ruhe &#8211; fernab von L\u00e4rm und Ablenkung. Unser professionelles Service-Team unterst\u00fctzt Sie in allen Belangen: vom Empfang Ihrer G\u00e4ste \u00fcber die zuverl\u00e4ssige Post- und Paketannahme bis hin zu optionalem Catering. So bleibt Ihnen mehr Zeit f\u00fcr das Wesentliche &#8211; Ihr Business.<\/p>\n\t\t\t\tWas ist ein Tagesb\u00fcro in Genf?\n\t\t\t\t<p>Ein Tagesb\u00fcro in Genf ist ein flexibel nutzbares B\u00fcro auf Zeit, das Sie stunden- oder tageweise mieten k\u00f6nnen. Ideal f\u00fcr konzentriertes Arbeiten, diskrete Gespr\u00e4che oder als tempor\u00e4rer Arbeitsplatz w\u00e4hrend Gesch\u00e4ftsreisen.<\/p>\n\t\t\t\tWo befinden sich die Tagesb\u00fcros in Genf?\n\t\t\t\t<p>Unsere Tagesb\u00fcros und Tagessuiten befinden sich im historischen H\u00f4tel de Banque, Rue de la Corraterie 5 &#8211; eine der renommiertesten Adressen in der Genfer Innenstadt, nur wenige Minuten vom Genfersee und Hauptbahnhof entfernt.<\/p>\n\t\t\t\tWelche Ausstattung hat ein Tagesb\u00fcro in Genf?\n\t\t\t\t<p>Alle Tagesb\u00fcros sind hochwertig m\u00f6bliert, sofort nutzbar und nach dem preisgekr\u00f6nten pureSilent\u00ae-Konzept gestaltet. Sie verf\u00fcgen \u00fcber ergonomisches Mobiliar, Highspeed-WLAN und modernes Designer-Interieur.<\/p>\n\t\t\t\tWas ist der Unterschied zwischen Tagesb\u00fcro und Tagessuite?\n\t\t\t\tEin Tagesb\u00fcro in Genf bietet Platz f\u00fcr 1-2 Personen und eignet sich perfekt als stiller R\u00fcckzugsort oder Arbeitsplatz. Eine Tagessuite ist die Premium-Variante: Sie kombiniert den Arbeitsplatz mit einem privaten Besprechungstisch f\u00fcr bis zu 4 Personen &#8211; ideal f\u00fcr Kundengespr\u00e4che oder kleine Meetings.\n\t\t\t\tWie flexibel kann ich ein Tagesb\u00fcro in Genf buchen?\n\t\t\t\t<p>Sie k\u00f6nnen ein Tagesb\u00fcro stundenweise oder tageweise mieten &#8211; provisionsfrei und ohne langfristige Vertragsbindung.<\/p>\n\t\t\t\tWelche Services sind im Tagesb\u00fcro inbegriffen?\n\t\t\t\t<p>Im Preis enthalten sind Highspeed-WLAN, Reinigung und volle B\u00fcroinfrastruktur. Auf Wunsch k\u00f6nnen Sie Telefon- und Postservice, Sekretariatsunterst\u00fctzung, Catering und Getr\u00e4nke flexibel dazubuchen.<\/p>\n\t\t\t\tF\u00fcr wen eignet sich ein Tagesb\u00fcro in Genf besonders?\n\t\t\t\t<p>Das Tagesb\u00fcro Genf ist ideal f\u00fcr Gesch\u00e4ftsreisende, Start-ups, Freelancer oder Unternehmen, die einen repr\u00e4sentativen Arbeitsplatz auf Zeit ben\u00f6tigen &#8211; ob f\u00fcr Kundengespr\u00e4che, Bewerbungsgespr\u00e4che oder als tempor\u00e4ren Arbeitsplatz zwischen Terminen.<\/p>\n<h2>\n\t\t\tWeitere Standorte\t<\/h2>\n<a href=\"\/kud15-gloria-berlin\/\">\n          <p>KUD15 Gloria Berlin<\/p>\n      <p>Kurf\u00fcrstendamm 15<\/p>\n<\/a>\n<a href=\"#\">\n          <p>Haus Cumberland<\/p>\n      <p>Kurf\u00fcrstendamm 194<\/p>\n<\/a>\n<a href=\"#\">\n          <p>R\u00f6mischer Hof<\/p>\n      <p>Unter den Linden 10<\/p>\n<\/a>\n<a href=\"#\">\n          <p>Kaiserliche Postdirektion<\/p>\n      <p>Franz\u00f6sischestr. 12<\/p>\n<\/a>\n\t\t\t<a href=\"https:\/\/www.satellite-office.com\/it-it\/sedi\/\" target=\"_self\">\n\t\t\t\t\t\t\tAlle Standorte\n\t\t\t\t\t<\/a>\n<h2>\n\t\t\tJetzt Buchung anfragen\t<\/h2>\n\t    <div class=\"ansprechpartner-container\">\n      <div class=\"asp-image\" style=\"background: url('https:\/\/www.satellite-office.com\/wp-content\/uploads\/2025\/06\/Directors_2560x1708_-Clara_2.jpg') lightgray 50% \/ cover no-repeat;\"><\/div>\n\n            <div class=\"asp-content\">\n        <div class=\"asp-header\">\n          <div class=\"asp-subtitle\">Il tuo contatto a Geneva.<\/div>\n          <div class=\"asp-name\">Clara Marangoni<\/div>\n        <\/div>\n        <div class=\"asp-text\">Gruezi. Se hai domande sul nostro Satellite Office di Geneva, non esitare a contattarmi. Attendo con ansia la tua telefonata.  <\/div>\n\n                <div class=\"asp-cta\">\n\t\t\t<a href=\"tel:+41 22 506 71 00\">\n\t\t\t  <svg xmlns=\"http:\/\/www.w3.org\/2000\/svg\" width=\"18\" height=\"18\" viewBox=\"0 0 18 18\" fill=\"none\">\n\t\t\t\t<path d=\"M3.5625 7.3125V7.125C3.5625 4.32906 5.99696 2.0625 9 2.0625C12.0031 2.0625 14.4375 4.32906 14.4375 7.125V7.3125M9 14.7322V15.9375H11.25C13.114 15.9375 14.625 14.4265 14.625 12.5625M3.1875 7.3125H4.3125V12.1875H3.1875C2.56618 12.1875 2.0625 11.6838 2.0625 11.0625V8.4375C2.0625 7.8162 2.56618 7.3125 3.1875 7.3125ZM13.6875 7.3125H14.8125C15.4338 7.3125 15.9375 7.8162 15.9375 8.4375V11.0625C15.9375 11.6838 15.4338 12.1875 14.8125 12.1875H13.6875V7.3125Z\" stroke=\"white\" stroke-width=\"1.125\" stroke-linecap=\"square\"\/>\n\t\t\t  <\/svg>\n\t\t\t  +41 22 506 71 00\t\t\t<\/a>\n        <\/div>\n              <\/div>\n          <\/div>\n    \n\tpost_title); ?>&#8221;\n     data-produkt=&#8221;<?php echo esc_attr(get_field('produktauswahl')); ?>&#8220;>\n    <div id=\"acf-defaults\" data-standort=\"Ginevra\" data-produkt=\"\"><\/div>\n    <h6>Kontaktformular<\/h6>\n        <form method=\"post\">\n            <input type=\"hidden\" name=\"_lang\" value=\"it-it\" id=\"langField\" data-origin=\"wpml\" \/>\n          <!-- Zeile 1 -->\n              <label for=\"vorname\">Vorname<\/label>\n              <input type=\"text\" id=\"vorname\" name=\"vorname\" placeholder=\"Vorname\" \/>\n              <label for=\"zuname\">Nachname<\/label>\n              <input type=\"text\" id=\"zuname\" name=\"zuname\" placeholder=\"Nachname\" \/>\n          <!-- Zeile 2 -->\n              <label for=\"firma\">Firmenname<\/label>\n              <input type=\"text\" id=\"firma\" name=\"firma\" placeholder=\"Firmenname\" \/>\n          <!-- Zeile 3 -->\n              <label for=\"email\">E-Mail<\/label>\n              <input type=\"email\" id=\"email\" name=\"email\" placeholder=\"E-Mail\" \/>\n              <label for=\"telefon\">Telefon<\/label>\n              <input type=\"tel\" id=\"telefon\" name=\"telefon\" placeholder=\"Telefon\" \/>\n        <label for=\"standort\">Standort<\/label>\n        <!-- Sichtbarer Trigger -->\n          Standort ausw\u00e4hlen\n        <!-- Benutzerdefiniertes Dropdown -->\n            Berlin\n              Haus Cumberland\n              Kud15 Gloria Berlin\n              R\u00f6mischer Hof\n              Kaiserliche Postdirektion\n            Hamburg\n              Neuer Wall\n              Ballindamm\n            M\u00fcnchen\n              Alte Hopfenpost\n              Ludwigpalais\n              Villa Goethe\n            Frankfurt am Main\n              Opernplatz XIV\n              Villa Sander\n            D\u00fcsseldorf\n              Girardet Haus\n            Stuttgart\n              K35\n            Z\u00fcrich\n              Haus Gryffenberg\n              Z\u00fcrcherhof\n            Genf\n              Hotel de Banque\n            Mailand\n              Piazza Cordusio\n        <!-- Verstecktes Select-Feld f\u00fcrs Formular -->\n        <select id=\"standort\" name=\"standort\">\n          <option disabled selected>Standort ausw\u00e4hlen<\/option>\n          <option>Berlin<\/option>\n          <option>Haus Cumberland<\/option>\n          <option>Kud15 Gloria Berlin<\/option>\n          <option>R\u00f6mischer Hof<\/option>\n          <option>Kaiserliche Postdirektion<\/option>\n          <option>Hamburg<\/option>\n          <option>Neuer Wall<\/option>\n          <option>Ballindamm<\/option>\n          <option>M\u00fcnchen<\/option>\n          <option>Alte Hopfenpost<\/option>\n          <option>Ludwigpalais<\/option>\n          <option>Villa Goethe<\/option>\n          <option>Frankfurt am Main<\/option>\n          <option>Opernplatz XIV<\/option>\n          <option>Villa Sander<\/option>\n          <option>D\u00fcsseldorf<\/option>\n          <option>Girardet Haus<\/option>\n          <option>Stuttgart<\/option>\n          <option>K35<\/option>\n          <option>Z\u00fcrich<\/option>\n          <option>Haus Gryffenberg<\/option>\n          <option>Z\u00fcrcherhof<\/option>\n          <option>Genf<\/option>\n          <option>Hotel de Banque<\/option>\n          <option>Mailand<\/option>\n        <\/select>\n          <!-- Zeile 5 -->\n              <label for=\"produkt\">Produkt<\/label>\n              <select name=\"produkt\" id=\"produkt\" onchange=\"toggleKonferenzraumFields(this.value)\">\n                <option disabled selected>Produkt ausw\u00e4hlen<\/option>\n                <option>B\u00fcros<\/option>\n                <option>Gesch\u00e4ftsadresse<\/option>\n                <option>Konferenzraum<\/option>\n                <option>Coworking \/ Membership<\/option>\n              <\/select>\n          <!-- Konferenzraum Zusatzfelder -->\n                <label for=\"startdatum\">Startdatum<\/label>\n                <input type=\"date\" id=\"startdatum\" name=\"startdatum\" \/>\n                <label for=\"startzeit\">Uhrzeit<\/label>\n                <input type=\"time\" id=\"startzeit\" name=\"startzeit\" \/>\n                <label for=\"enddatum\">Enddatum<\/label>\n                <input type=\"date\" id=\"enddatum\" name=\"enddatum\" \/>\n                <label for=\"endzeit\">Uhrzeit<\/label>\n                <input type=\"time\" id=\"endzeit\" name=\"endzeit\" \/>\n          <!-- Zeile 6 -->\n              <label for=\"nachricht\">Nachricht<\/label>\n              <textarea id=\"nachricht\" name=\"nachricht\" placeholder=\"Nachricht\"><\/textarea>\n          <!-- Zeile 7 -->\n            <label><input type=\"checkbox\" name=\"checkbox1\" \/> Hiermit erkl\u00e4re ich mich einverstanden, dass die Satellite Office GmbH mich per Newsletter \u00fcber aktuelle Angebote, Produktneuheiten und neue Beitr\u00e4ge informieren darf. Diese Einwilligung kann ich jederzeit widerrufen.  <\/label>\n          <!-- Zeile 8 -->\n            <label><input type=\"checkbox\" name=\"checkbox2\" \/> Ich habe die Datenschutzerkl\u00e4rung zur Kenntnis genommen. Ich stimme zu, dass meine Angaben und Daten zur Beantwortung meiner Anfrage elektronisch erhoben und gespeichert werden. Hinweis: Sie k\u00f6nnen Ihre Einwilligung jederzeit f\u00fcr die Zukunft per E-Mail an datenschutz(at)satelliteoffice(dot)de widerrufen.<\/label>\n            <input type=\"text\" name=\"customerjourney\" id=\"customerjourney\"\/> \n          <!-- Zeile 9 -->\n            <button type=\"submit\">Jetzt Anfragen<\/button>\n        <\/form>\n\n","protected":false},"excerpt":{"rendered":"","protected":false},"author":1,"featured_media":183698,"parent":183831,"menu_order":0,"comment_status":"closed","ping_status":"closed","template":"","meta":{"_acf_changed":false,"_seopress_robots_primary_cat":"","_seopress_titles_title":"Affitta un ufficio per un giorno a Ginevra - il tuo ufficio temporaneo esclusivo","_seopress_titles_desc":"Affitta un ufficio a Ginevra \u25ba Ami il design? Benvenuto su Satellite Office. Mettiti subito in contatto con noi!  ","_seopress_robots_index":"","footnotes":""},"class_list":["post-183697","page","type-page","status-publish","has-post-thumbnail","hentry"],"acf":[],"_links":{"self":[{"href":"https:\/\/www.satellite-office.com\/it-it\/wp-json\/wp\/v2\/pages\/183697","targetHints":{"allow":["GET"]}}],"collection":[{"href":"https:\/\/www.satellite-office.com\/it-it\/wp-json\/wp\/v2\/pages"}],"about":[{"href":"https:\/\/www.satellite-office.com\/it-it\/wp-json\/wp\/v2\/types\/page"}],"author":[{"embeddable":true,"href":"https:\/\/www.satellite-office.com\/it-it\/wp-json\/wp\/v2\/users\/1"}],"replies":[{"embeddable":true,"href":"https:\/\/www.satellite-office.com\/it-it\/wp-json\/wp\/v2\/comments?post=183697"}],"version-history":[{"count":0,"href":"https:\/\/www.satellite-office.com\/it-it\/wp-json\/wp\/v2\/pages\/183697\/revisions"}],"up":[{"embeddable":true,"href":"https:\/\/www.satellite-office.com\/it-it\/wp-json\/wp\/v2\/pages\/183831"}],"wp:featuredmedia":[{"embeddable":true,"href":"https:\/\/www.satellite-office.com\/it-it\/wp-json\/wp\/v2\/media\/183698"}],"wp:attachment":[{"href":"https:\/\/www.satellite-office.com\/it-it\/wp-json\/wp\/v2\/media?parent=183697"}],"curies":[{"name":"wp","href":"https:\/\/api.w.org\/{rel}","templated":true}]}}